{"id":1303,"date":"2020-04-08T22:07:51","date_gmt":"2020-04-08T21:07:51","guid":{"rendered":"http:\/\/parrocchiaracconigimurello.org\/?page_id=1303"},"modified":"2020-04-08T22:09:54","modified_gmt":"2020-04-08T21:09:54","slug":"colonne-di-ercole","status":"publish","type":"page","link":"https:\/\/parrocchiaracconigimurello.org\/?page_id=1303","title":{"rendered":"Colonne di Ercole &#8211; sostieni il progetto"},"content":{"rendered":"\n<p><\/p>\n\n\n\n<p>Se hai la possibilit\u00e0 di sostenere il progetto e vuoi darci una mano ecco le modalit\u00e0 per incrementare il fondo di solidariet\u00e0.<\/p>\n\n\n\n<ol class=\"wp-block-list\"><li>In chiesa trovi le buste della Quaresima di Fraternit\u00e0 che puoi inserire nella cassetta &#8220;Caritas&#8221; vicino la porta d&#8217;ingresso<\/li><li>Oppure puoi fare un bonifico con causale &#8220;progetto le colonne d&#8217;Ercole&#8221; con le seguenti coordinate: IT98J0630546690000160103921<\/li><\/ol>\n","protected":false},"excerpt":{"rendered":"<p>Se hai la possibilit\u00e0 di sostenere il progetto e vuoi darci una mano ecco le modalit\u00e0 per incrementare il fondo di solidariet\u00e0. In chiesa trovi le buste della Quaresima di Fraternit\u00e0 che puoi inserire nella cassetta &#8220;Caritas&#8221; vicino la porta d&#8217;ingresso Oppure puoi fare un bonifico con causale &#8220;progetto le colonne d&#8217;Ercole&#8221; con le seguenti [&hellip;]<\/p>\n","protected":false},"author":11,"featured_media":0,"parent":0,"menu_order":0,"comment_status":"closed","ping_status":"closed","template":"","meta":{"footnotes":""},"class_list":["post-1303","page","type-page","status-publish","hentry"],"_links":{"self":[{"href":"https:\/\/parrocchiaracconigimurello.org\/index.php?rest_route=\/wp\/v2\/pages\/1303","targetHints":{"allow":["GET"]}}],"collection":[{"href":"https:\/\/parrocchiaracconigimurello.org\/index.php?rest_route=\/wp\/v2\/pages"}],"about":[{"href":"https:\/\/parrocchiaracconigimurello.org\/index.php?rest_route=\/wp\/v2\/types\/page"}],"author":[{"embeddable":true,"href":"https:\/\/parrocchiaracconigimurello.org\/index.php?rest_route=\/wp\/v2\/users\/11"}],"replies":[{"embeddable":true,"href":"https:\/\/parrocchiaracconigimurello.org\/index.php?rest_route=%2Fwp%2Fv2%2Fcomments&post=1303"}],"version-history":[{"count":2,"href":"https:\/\/parrocchiaracconigimurello.org\/index.php?rest_route=\/wp\/v2\/pages\/1303\/revisions"}],"predecessor-version":[{"id":1305,"href":"https:\/\/parrocchiaracconigimurello.org\/index.php?rest_route=\/wp\/v2\/pages\/1303\/revisions\/1305"}],"wp:attachment":[{"href":"https:\/\/parrocchiaracconigimurello.org\/index.php?rest_route=%2Fwp%2Fv2%2Fmedia&parent=1303"}],"curies":[{"name":"wp","href":"https:\/\/api.w.org\/{rel}","templated":true}]}}