{"id":1995,"date":"2021-05-16T21:46:41","date_gmt":"2021-05-16T20:46:41","guid":{"rendered":"http:\/\/parrocchiaracconigimurello.org\/?page_id=1995"},"modified":"2021-06-19T19:03:25","modified_gmt":"2021-06-19T18:03:25","slug":"matrimonio-paola","status":"publish","type":"page","link":"https:\/\/parrocchiaracconigimurello.org\/?page_id=1995","title":{"rendered":"Comunioni 2021"},"content":{"rendered":"\n<p><a href=\"https:\/\/docs.google.com\/document\/d\/1YE2ifDcGxyOC_a6IiViLs7pA9KMEUR6CpWcUA-qarXQ\/edit?usp=sharing\">Elenco generale di tutti i canti (formato word)<\/a><\/p>\n\n\n\n<p><a href=\"https:\/\/drive.google.com\/file\/d\/1fJxDS_Bt_wJbTSnW76kK6spVTzS0ea3w\/view?usp=sharing\">Elenco generale di tutti i canti (formato pdf)<\/a><\/p>\n\n\n\n<h2 class=\"has-text-align-center has-white-color has-vivid-red-background-color has-text-color has-background wp-block-heading\">Comunioni 2021<\/h2>\n\n\n\n<h3 class=\"has-vivid-cyan-blue-color has-text-color wp-block-heading\"><strong>Facciamo festa<\/strong><\/h3>\n\n\n\n<p><strong>Facciamo festa, facciamo festa: questo \u00e8 il giorno del Signore.<\/strong><\/p>\n\n\n\n<p><strong>Facciamo festa, facciamo testa, alleluia, alleluia.<\/strong><\/p>\n\n\n\n<p>Tu ci hai chiamati qui nella tua casa<\/p>\n\n\n\n<p>Signore, per lodare il tuo nome.<\/p>\n\n\n\n<p><strong>Facciamo festa, facciamo festa: questo \u00e8 il giorno del Signore.<\/strong><\/p>\n\n\n\n<p><strong>Facciamo festa, facciamo festa, alleluia, alleluia.<\/strong><\/p>\n\n\n\n<p>Tu ci hai raccolti davanti all&#8217;altare<\/p>\n\n\n\n<p>Signore, per sentir la tua parola.<\/p>\n\n\n\n<p><strong>Facciamo festa, facciamo festa: questo \u00e8 il giorno del Signore.<\/strong><\/p>\n\n\n\n<p><strong>Facciamo festa, facciamo festa, alleluia, alleluia.<\/strong><\/p>\n\n\n\n<p>Tu ci hai riuniti intorno alla mensa<\/p>\n\n\n\n<p>Signore, per mangiare il tuo pane.<\/p>\n\n\n\n<p><strong>Facciamo festa, facciamo festa: questo \u00e8 il giorno del Signore.<\/strong><\/p>\n\n\n\n<p><strong>Facciamoftesta, facciamo festa, alleluia, alleluia.<\/strong><\/p>\n\n\n\n<p><strong>Facciamo festa, facciamo festa: questo \u00e8 il giorno del Signore.<\/strong><\/p>\n\n\n\n<p><strong>Facciamo festa, facciamo festa, alleluia, alleluia.<\/strong><\/p>\n\n\n\n<h3 class=\"has-vivid-cyan-blue-color has-text-color wp-block-heading\"><strong>Gloria (Buttazzo)<\/strong><\/h3>\n\n\n\n<p>Gloria a Dio nell&#8217;alto dei cieli, pace in terra agli uomini<\/p>\n\n\n\n<p>Gloria a Dio nell&#8217;alto dei cieli, pace in terra agli uomini<\/p>\n\n\n\n<p>Ti lodiamo, ti benediciamo<\/p>\n\n\n\n<p>Ti adoriamo, ti glorifichiamo<\/p>\n\n\n\n<p>Ti rendiamo grazie per la tua gloria immensa<\/p>\n\n\n\n<p>Gloria a Dio nell&#8217;alto dei cieli, pace in terra agli uomini<\/p>\n\n\n\n<p>Gloria a Dio nell&#8217;alto dei cieli, pace in terra agli uomini<\/p>\n\n\n\n<p>Signore Dio, Re del cielo, Dio padre onnipotente<\/p>\n\n\n\n<p>Ges\u00f9 Cristo, Agnello di Dio, tu, figlio del Padre<\/p>\n\n\n\n<p>Gloria a Dio nell&#8217;alto dei cieli, pace in terra agli uomini<\/p>\n\n\n\n<p>Gloria a Dio nell&#8217;alto dei cieli, pace in terra agli uomini<\/p>\n\n\n\n<p>Tu che togli i peccati del mondo<\/p>\n\n\n\n<p>La nostra supplica ascolta, Signore<\/p>\n\n\n\n<p>Tu che siedi alla destra del Padre, abbi piet\u00e0 di noi<\/p>\n\n\n\n<p>Gloria a Dio nell&#8217;alto dei cieli, pace\u2026<\/p>\n\n\n\n<p>Tu solo il Santo, tu solo il Signore,<\/p>\n\n\n\n<p>tu l\u2019Altissimo, Ges\u00f9 Cristo, con lo Spirito Santo<\/p>\n\n\n\n<p>nella gloria del Padre. Amen.<\/p>\n\n\n\n<p class=\"has-vivid-cyan-blue-color has-text-color\"><strong>SALMO:<\/strong><\/p>\n\n\n\n<h3 class=\"has-vivid-cyan-blue-color has-text-color wp-block-heading\"><strong>Del tuo spirito Signore<\/strong><\/h3>\n\n\n\n<p><em>Del tuo Spirito, Signore, \u00e8 piena la terra, \u00e8 piena la terra.<\/em><\/p>\n\n\n\n<p><em>Del tuo Spirito, Signore, \u00e8 piena la terra, \u00e8 piena la terra.<\/em><\/p>\n\n\n\n<p>Benedici il Signore, anima mia, Signore, Dio, tu sei grande!<\/p>\n\n\n\n<p>Sono immense, splendenti tutte le tue opere e tutte le creature.<\/p>\n\n\n\n<p><em>Del tuo Spirito, Signore, \u00e8 piena la terra, \u00e8 piena la terra.<\/em><\/p>\n\n\n\n<p><em>Del tuo Spirito, Signore, \u00e8 piena la terra, \u00e8 piena la terra.<\/em><\/p>\n\n\n\n<p>Se tu togli il tuo soffio muore ogni cosa e si dissolve nella terra.<\/p>\n\n\n\n<p>Il tuo spirito scende tutto si ricrea e tutto si rinnova.<\/p>\n\n\n\n<p><em>Del tuo Spirito, Signore, \u00e8 piena la terra, \u00e8 piena la terra.<\/em><\/p>\n\n\n\n<p><em>Del tuo Spirito, Signore, \u00e8 piena la terra, \u00e8 piena la terra.<\/em><\/p>\n\n\n\n<p>La tua gloria, Signore, resti per sempre. Gioisci, Dio, del creato.<\/p>\n\n\n\n<p>Questo semplice canto salga a te Signore sei tu la nostra gioia.&nbsp;<\/p>\n\n\n\n<p><em>Del tuo Spirito, Signore, \u00e8 piena la terra, \u00e8 piena la terra.<\/em><\/p>\n\n\n\n<p><em>Del tuo Spirito, Signore, \u00e8 piena la terra, \u00e8 piena la terra.<\/em><\/p>\n\n\n\n<h3 class=\"has-vivid-cyan-blue-color has-text-color wp-block-heading\"><strong>Alle, alle, alleluia<\/strong><\/h3>\n\n\n\n<p>Alle, alle, alleluia, alle alle alleluia,<\/p>\n\n\n\n<p>Alle, alle, alleluia, alle alle alleluia<\/p>\n\n\n\n<p>Tu sei parola di vita eterna, tu sei il Dio con noi<\/p>\n\n\n\n<p>Tu sei la forza Tu sei speranza Tu sei il Cristo tra noi<\/p>\n\n\n\n<p class=\"has-vivid-cyan-blue-color has-text-color\"><strong>SANTO (Mons. Frisina)<\/strong><\/p>\n\n\n\n<p>Santo, Santo, Santo il Signore Dio dell\u2019universo.<br>I cieli e la terra sono pieni della tua gloria.<\/p>\n\n\n\n<p><em><strong>Osanna in excelsis, osanna in excelsis<\/strong><\/em><\/p>\n\n\n\n<p><em>Benedetto colui che viene nel nome del Signore.<\/em><\/p>\n\n\n\n<p><em><strong>Osanna in excelsis, osanna in excelsis<\/strong><\/em><\/p>\n\n\n\n<p class=\"has-vivid-cyan-blue-color has-text-color\"><strong>AGNELLO (F. Buttazzo)<\/strong><\/p>\n\n\n\n<p>Agnello, Agnello di Dio,<\/p>\n\n\n\n<p>che togli i peccati del mondo,<\/p>\n\n\n\n<p>abbi piet\u00e0 di noi, abbi piet\u00e0 di noi.<\/p>\n\n\n\n<p>Agnello, Agnello di Dio,<\/p>\n\n\n\n<p>che togli i peccati del mondo,<\/p>\n\n\n\n<p>abbi piet\u00e0 di noi, abbi piet\u00e0 di noi.<\/p>\n\n\n\n<p>Agnello, Agnello di Dio,<\/p>\n\n\n\n<p>che togli i peccati,<\/p>\n\n\n\n<p>che togli i peccati del mondo,<\/p>\n\n\n\n<p>dona a noi la pace,<\/p>\n\n\n\n<p>dona a noi la pace.<\/p>\n\n\n\n<h3 class=\"has-vivid-cyan-blue-color has-text-color wp-block-heading\"><strong>Pane di vita nuova<\/strong>&nbsp;<\/h3>\n\n\n\n<p>Pane di vita nuova vero cibo dato agli uomini, nutrimento che sostiene il mondo, dono splendido di grazia.<\/p>\n\n\n\n<p>Tu sei sublime frutto di quell&#8217;albero di vita che Adamo non pot\u00e8 toccare: ora \u00e8 in Cristo a noi donato.<\/p>\n\n\n\n<p>RIT.&nbsp; PANE DELLA VITA, SANGUE DI SALVEZZA,&nbsp; &nbsp; VERO CORPO, VERA BEVANDA, CIBO DI GRAZIA PER IL MONDO.<\/p>\n\n\n\n<p>Sei l&#8217;Agnello immolato nel cui Sangue \u00e8 la salvezza,<\/p>\n\n\n\n<p>memoriale della vera Pasqua della nuova Alleanza.<\/p>\n\n\n\n<p>Manna che nel deserto nutri il popolo in cammino,<\/p>\n\n\n\n<p>sei sostegno e forza nella prova per la Chiesa in mezzo al mondo. RIT.<\/p>\n\n\n\n<p>Vino che ci d\u00e0 gioia, che riscalda il nostro cuore,<\/p>\n\n\n\n<p>sei per noi il prezioso frutto della vigna del Signore.<\/p>\n\n\n\n<p>Dalla vite ai tralci scorre la vitale linfa che ci dona la vita divina, scorre il sangue dell&#8217;amore. RIT.<\/p>\n\n\n\n<p>Al banchetto ci inviti che per noi hai preparato,<\/p>\n\n\n\n<p>doni all&#8217;uomo la tua Sapienza, doni il Verbo della vita. Segno d&#8217;amore eterno pegno di sublimi nozze,<\/p>\n\n\n\n<p>comunione nell&#8217;unico corpo che in Cristo noi formiamo.<\/p>\n\n\n\n<p class=\"has-vivid-cyan-blue-color has-text-color\"><strong>VI AMO COS\u00cc<\/strong><\/p>\n\n\n\n<p><em>C\u2019\u00e8 una novit\u00e0 nella nostra storia:<\/em><\/p>\n\n\n\n<p><em>Dio che si fa uomo e porta il cielo sulla terra;<\/em><\/p>\n\n\n\n<p><em>con la nostra vita Si rivela<\/em><\/p>\n\n\n\n<p><em>nello Spirito che soffia Verit\u00e0.<\/em><\/p>\n\n\n\n<p><em>C\u2019\u00e8 una novit\u00e0: che la morte \u00e8 vinta<\/em><\/p>\n\n\n\n<p><em>e la gioia in cuore a tutto il mondo poi racconta,<\/em><\/p>\n\n\n\n<p><em>annunciando ancora la Parola<\/em><\/p>\n\n\n\n<p><em>che ci aiuta a ritornare insieme qui:<\/em><\/p>\n\n\n\n<p><em>\u201c<strong>Vi amo cos\u00ec e vi amer\u00f2<\/strong><\/em><\/p>\n\n\n\n<p><em><strong>come vi ho amati, con voi rester\u00f2!<\/strong><\/em><\/p>\n\n\n\n<p><em><strong>E via da qui ognuno sar\u00e0<\/strong><\/em><\/p>\n\n\n\n<p><em><strong>il testimone della Carit\u00e0,<\/strong><\/em><\/p>\n\n\n\n<p><em><strong>il testimone di Me, Verit\u00e0\u201d<\/strong><\/em><\/p>\n\n\n\n<p><em>C\u2019\u00e8 una novit\u00e0: Cristo \u00e8 la Speranza<\/em><\/p>\n\n\n\n<p><em>che da noi dilaga, fino ai confini della terra,<\/em><\/p>\n\n\n\n<p><em>figli della Chiesa, Madre e amica,<\/em><\/p>\n\n\n\n<p><em>che rivela la promessa ancora qui:<\/em><\/p>\n\n\n\n<p><em>\u201c<strong>Vi amo cos\u00ec e vi amer\u00f2<\/strong><\/em><\/p>\n\n\n\n<p><em><strong>come vi ho amati, con voi rester\u00f2!<\/strong><\/em><\/p>\n\n\n\n<p><em><strong>E via da qui ognuno sar\u00e0<\/strong><\/em><\/p>\n\n\n\n<p><em><strong>il testimone della Carit\u00e0,<\/strong><\/em><\/p>\n\n\n\n<p><em><strong>il testimone di Me, Verit\u00e0\u201d<\/strong><\/em><\/p>\n\n\n\n<p><em>Senti nel vento il grido del mondo<\/em><\/p>\n\n\n\n<p><em>che si alza e arriva qui fino a noi<\/em><\/p>\n\n\n\n<p><em>chiede da sempre lo sai di \u201cesserci\u201d.<\/em><\/p>\n\n\n\n<p><em><u>Strumentale<\/u><\/em><\/p>\n\n\n\n<p><em><strong>E via da qui ognuno sar\u00e0<\/strong><\/em><\/p>\n\n\n\n<p><em><strong>il testimone della Carit\u00e0,<\/strong><\/em><\/p>\n\n\n\n<p><em><strong>il testimone di Me, Verit\u00e0\u201d<\/strong><\/em><\/p>\n\n\n\n<p><em>\u201c<strong>Vi amo cos\u00ec e vi amer\u00f2<\/strong><\/em><\/p>\n\n\n\n<p><em><strong>come vi ho amati, con voi rester\u00f2!<\/strong><\/em><\/p>\n\n\n\n<p><em><strong>E via da qui ognuno sar\u00e0<\/strong><\/em><\/p>\n\n\n\n<p><em><strong>il testimone della Carit\u00e0,<\/strong><\/em><\/p>\n\n\n\n<p><em><strong>il testimone di Me, Verit\u00e0\u201d<\/strong><\/em><\/p>\n","protected":false},"excerpt":{"rendered":"<p>Elenco generale di tutti i canti (formato word) Elenco generale di tutti i canti (formato pdf) Comunioni 2021 Facciamo festa Facciamo festa, facciamo festa: questo \u00e8 il giorno del Signore. Facciamo festa, facciamo testa, alleluia, alleluia. Tu ci hai chiamati qui nella tua casa Signore, per lodare il tuo nome. Facciamo festa, facciamo festa: questo [&hellip;]<\/p>\n","protected":false},"author":11,"featured_media":0,"parent":0,"menu_order":0,"comment_status":"closed","ping_status":"closed","template":"","meta":{"footnotes":""},"class_list":["post-1995","page","type-page","status-publish","hentry"],"_links":{"self":[{"href":"https:\/\/parrocchiaracconigimurello.org\/index.php?rest_route=\/wp\/v2\/pages\/1995","targetHints":{"allow":["GET"]}}],"collection":[{"href":"https:\/\/parrocchiaracconigimurello.org\/index.php?rest_route=\/wp\/v2\/pages"}],"about":[{"href":"https:\/\/parrocchiaracconigimurello.org\/index.php?rest_route=\/wp\/v2\/types\/page"}],"author":[{"embeddable":true,"href":"https:\/\/parrocchiaracconigimurello.org\/index.php?rest_route=\/wp\/v2\/users\/11"}],"replies":[{"embeddable":true,"href":"https:\/\/parrocchiaracconigimurello.org\/index.php?rest_route=%2Fwp%2Fv2%2Fcomments&post=1995"}],"version-history":[{"count":6,"href":"https:\/\/parrocchiaracconigimurello.org\/index.php?rest_route=\/wp\/v2\/pages\/1995\/revisions"}],"predecessor-version":[{"id":2039,"href":"https:\/\/parrocchiaracconigimurello.org\/index.php?rest_route=\/wp\/v2\/pages\/1995\/revisions\/2039"}],"wp:attachment":[{"href":"https:\/\/parrocchiaracconigimurello.org\/index.php?rest_route=%2Fwp%2Fv2%2Fmedia&parent=1995"}],"curies":[{"name":"wp","href":"https:\/\/api.w.org\/{rel}","templated":true}]}}