{"id":2086,"date":"2022-06-04T08:13:00","date_gmt":"2022-06-04T07:13:00","guid":{"rendered":"http:\/\/parrocchiaracconigimurello.org\/?page_id=2086"},"modified":"2026-04-24T23:13:52","modified_gmt":"2026-04-24T22:13:52","slug":"canti-funzione-di-racconigi-prefestiva","status":"publish","type":"page","link":"https:\/\/parrocchiaracconigimurello.org\/?page_id=2086","title":{"rendered":"Canti funzione di Racconigi (prefestiva)"},"content":{"rendered":"\n<p><a href=\"https:\/\/docs.google.com\/document\/d\/1YE2ifDcGxyOC_a6IiViLs7pA9KMEUR6CpWcUA-qarXQ\/edit?usp=sharing\">Elenco generale di tutti i canti (formato word)<\/a><\/p>\n\n\n\n<p><a href=\"https:\/\/drive.google.com\/file\/d\/1fJxDS_Bt_wJbTSnW76kK6spVTzS0ea3w\/view?usp=sharing\">Elenco generale di tutti i canti (formato pdf)<\/a><\/p>\n\n\n\n<p class=\"has-text-align-center has-white-color has-vivid-green-cyan-background-color has-text-color has-background has-medium-font-size\">Sabato 25\/4\/2026 ore 18.00<\/p>\n\n\n\n<h1 class=\"wp-block-heading has-vivid-red-color has-text-color\">Ingresso<\/h1>\n\n\n\n<h3 class=\"wp-block-heading has-vivid-cyan-blue-color has-text-color has-link-color wp-elements-4eaa5ba0a727b96b04bc7e03a7152094\"><strong>Cristo \u00e8 risorto, alleluia !<\/strong><\/h3>\n\n\n\n<p><strong><em>Cristo \u00e8 risorto, alleluia !<\/em><\/strong><\/p>\n\n\n\n<p><strong><em>Vinta \u00e8 ormai la morte, alleluia !<\/em><\/strong><\/p>\n\n\n\n<ol class=\"wp-block-list\">\n<li><em>Canti l\u2019universo, alleluia,<\/em><\/li>\n<\/ol>\n\n\n\n<p><em>un inno di gioia al nostro redentor.<\/em><\/p>\n\n\n\n<ol start=\"2\" class=\"wp-block-list\">\n<li><em>Con la sua morte, alleluia,<\/em><\/li>\n<\/ol>\n\n\n\n<p><em>ha ridato all\u2019uomo la vera libert\u00e0.<\/em><\/p>\n\n\n\n<ol start=\"3\" class=\"wp-block-list\">\n<li><em>Segno di speranza, alleluia,<\/em><\/li>\n<\/ol>\n\n\n\n<p><em>luce di salvezza per questa umanit\u00e0.<\/em><\/p>\n\n\n\n<p><\/p>\n\n\n\n<h1 class=\"wp-block-heading has-vivid-red-color has-text-color has-link-color wp-elements-b8b2ad4c442366775bb73d4cdeae80ad\">Gloria<\/h1>\n\n\n\n<h3 class=\"wp-block-heading has-vivid-cyan-blue-color has-text-color has-link-color wp-elements-d0322bd71236c6aefa947b9a52475f94\"><strong>Gloria in excelsis Deo<\/strong><\/h3>\n\n\n\n<p>&nbsp;&nbsp;&nbsp;&nbsp;&nbsp;Gloria, Gloria, in excelsis Deo! [2V]<\/p>\n\n\n\n<p>&nbsp;&nbsp;&nbsp;&nbsp;&nbsp;Gloria, Gloria, in excelsis Deo!<\/p>\n\n\n\n<p>E Pace in terra agli uomini amati dal Signore.<\/p>\n\n\n\n<p>Noi ti lodiamo, ti benediciamo, ti adoriamo,<\/p>\n\n\n\n<p>ti glorifichiamo, ti rendiamo grazie<\/p>\n\n\n\n<p>per la tua gloria immensa,<\/p>\n\n\n\n<p>Signore Dio, Re del cielo,<\/p>\n\n\n\n<p>Dio Padre Onnipotente.<\/p>\n\n\n\n<p>&nbsp;&nbsp;&nbsp;&nbsp;&nbsp;Gloria, Gloria, in excelsis Deo! [2V]<\/p>\n\n\n\n<p>&nbsp;&nbsp;&nbsp;&nbsp;&nbsp;Gloria, Gloria, in excelsis Deo!<\/p>\n\n\n\n<p>Signore, Figlio unigenito, Ges\u00f9 Cristo,<\/p>\n\n\n\n<p>Signore Dio, Agnello di Dio, Figlio del Padre,<\/p>\n\n\n\n<p>tu che togli i peccati del mondo,<\/p>\n\n\n\n<p>abbi piet\u00e0 di noi,<\/p>\n\n\n\n<p>tu che togli i peccati del mondo,<\/p>\n\n\n\n<p>accogli la nostra supplica,<\/p>\n\n\n\n<p>tu che siedi alla destra del Padre,<\/p>\n\n\n\n<p>abbi piet\u00e0 di noi.<\/p>\n\n\n\n<p>&nbsp;&nbsp;&nbsp;&nbsp;&nbsp;Gloria, Gloria, in excelsis Deo! [2V]<\/p>\n\n\n\n<p>&nbsp;&nbsp;&nbsp;&nbsp;&nbsp;Gloria, Gloria, in excelsis Deo!<\/p>\n\n\n\n<p>Perch\u00e9 tu solo il Santo, tu solo il Signore,<\/p>\n\n\n\n<p>tu solo l\u2019altissimo Ges\u00f9 Cristo,<\/p>\n\n\n\n<p>con lo Spirito Santo nella gloria di Dio Padre.<\/p>\n\n\n\n<p>Amen.<\/p>\n\n\n\n<p>&nbsp;&nbsp;&nbsp;&nbsp;&nbsp;Gloria, Gloria, in excelsis Deo! [2V]<\/p>\n\n\n\n<p>&nbsp;&nbsp;&nbsp;&nbsp;&nbsp;Gloria, Gloria, in excelsis Deo!<\/p>\n\n\n\n<h1 class=\"wp-block-heading has-vivid-red-color has-text-color\">Salmo<\/h1>\n\n\n\n<p>Il Signore \u00e8 il mio pastore, non manco di nulla.<\/p>\n\n\n\n<h1 class=\"wp-block-heading has-vivid-red-color has-text-color\" id=\"alleluia\"><strong>Alleluia<\/strong><\/h1>\n\n\n\n<h3 class=\"wp-block-heading has-vivid-cyan-blue-color has-text-color has-link-color wp-elements-cb4c33078b23ceb972c81617e1541d20\"><strong>Cantico dell\u2019agnello (Frisina)<\/strong><\/h3>\n\n\n\n<p>RIT. ALLELUIA, ALLELUIA, ALLELUIA, ALLELUIA. (2 volte)<\/p>\n\n\n\n<p>1.Celebrer\u00f2 il Signore, perch\u00e9 \u00e8 buono;<br>perch\u00e9 eterna \u00e8 la sua misericordia;<br>mia forza e mio canto \u00e8 il Signore,<br>egli \u00e8 stato la mia salvezza.<br>RIT.<\/p>\n\n\n\n<h1 class=\"wp-block-heading has-vivid-red-color has-text-color\" id=\"offertorio\">Offertorio<\/h1>\n\n\n\n<h3 class=\"wp-block-heading has-vivid-cyan-blue-color has-text-color has-link-color wp-elements-32f45d3858e84a11e7e7e73ab1f54efd\"><strong>Come il pastore<\/strong><\/h3>\n\n\n\n<p>Come il pastore che corre nella notte in<\/p>\n\n\n\n<p>cerca di una pecora smarrita.<\/p>\n\n\n\n<p><strong>Tu mi hai cercato, mio Signore, che ami<\/strong><\/p>\n\n\n\n<p><strong>di un amore senza fine.<\/strong><\/p>\n\n\n\n<p><strong>Tu mi hai cercato, mio Signore, che ami<\/strong><\/p>\n\n\n\n<p><strong>di un amore senza fine.<\/strong><\/p>\n\n\n\n<p>Torna con gioia il pastore all&#8217;ovile portando<\/p>\n\n\n\n<p>stretta al collo la sua pecora.<\/p>\n\n\n\n<p><strong>Tu mi hai trovato, mio Signore, e ancora<\/strong><\/p>\n\n\n\n<p><strong>mi hai donato ai miei fratelli.<\/strong><\/p>\n\n\n\n<p><strong>Tu mi hai trovato, mio Signore, e ancora<\/strong><\/p>\n\n\n\n<p><strong>mi hai donato ai miei fratelli.<\/strong><\/p>\n\n\n\n<p>Voci di festa intorno all&#8217;ovile, allietano la<\/p>\n\n\n\n<p>mensa dei pastori.<\/p>\n\n\n\n<p><strong>Ogni ritorno alla tua casa fa crescere la<\/strong><\/p>\n\n\n\n<p><strong>gioia in tutto il mondo.<\/strong><\/p>\n\n\n\n<p><strong>Ogni ritorno alla tua casa fa crescere la<\/strong><\/p>\n\n\n\n<p><strong>gioia in tutto il mondo.<\/strong><\/p>\n\n\n\n<h1 class=\"wp-block-heading has-vivid-red-color has-text-color\" id=\"santo\"><strong>Santo <\/strong><\/h1>\n\n\n\n<h3 class=\"wp-block-heading has-vivid-cyan-blue-color has-text-color has-link-color wp-elements-a93d1141312acf04e896d4bf7864aa73\">&#8230; non comunicato &#8230;<\/h3>\n\n\n\n<h1 class=\"wp-block-heading has-vivid-red-color has-text-color\" id=\"agnello\"><strong>Agnello<\/strong><\/h1>\n\n\n\n<h3 class=\"wp-block-heading has-vivid-cyan-blue-color has-text-color has-link-color wp-elements-f6a39cbf4af416cc94585f4411ea76cb\"><strong>Agnello di Dio (Buttazzo)<\/strong><\/h3>\n\n\n\n<p>Agnello, agnello di Dio che togli i peccati del mondo<\/p>\n\n\n\n<p>Abbi piet\u00e0 di noi, abbi piet\u00e0 di noi<\/p>\n\n\n\n<p>Agnello, agnello di Dio che togli i peccati del mondo<\/p>\n\n\n\n<p>Abbi piet\u00e0 di noi, abbi piet\u00e0 di noi<\/p>\n\n\n\n<p>Agnello, agnello di Dio che togli i peccati, che togli i peccati del mondo<\/p>\n\n\n\n<p>Dona a noi la pace, dona a noi la pace<\/p>\n\n\n\n<h1 class=\"wp-block-heading has-vivid-red-color has-text-color\" id=\"comunione\">Comunione<\/h1>\n\n\n\n<h3 class=\"wp-block-heading has-vivid-cyan-blue-color has-text-color has-link-color wp-elements-83b7b65b5899784a479ca8841e9903d8\"><strong>Non c\u2019\u00e8 amore pi\u00f9 grande di questo<\/strong><\/h3>\n\n\n\n<p>TESTO<br>1. E giunse la sera dell\u2019ultima cena<br>In cui ti chinasti lavandoci i piedi.<br>Poi ti donasti nel pane e nel vino,<br>ci rivelasti l\u2019amore del Padre.<br>E noi stupiti a veder le tue mani piegate a servire,<br>mentre il tuo sguardo diceva:<\/p>\n\n\n\n<p>Rit: Non c\u2019\u00e8 amore pi\u00f9 grande di questo:<br>dare la vita per i propri amici.<br>Amate sino alla fine,<br>fate questo in memoria di me. (Tutto 2 v.)<\/p>\n\n\n\n<p>2. E fu pieno giorno lass\u00f9 sul calvario,<br>e noi ti vedemmo inchiodato alla croce.<br>Tutto attirasti, elevato da terra,<br>figli ci hai reso nel cuore trafitto.<br>noi impauriti a veder le tue mani ferite d\u2019amore,<br>mentre il tuo sguardo diceva: Rit.<\/p>\n\n\n\n<p>3. E venne il mattino di grazia al sepolcro<br>e fu grande gioia alla luce di Pasqua:<br>\u201dDite ai fratelli che sono risorto!<br>Lo Spirito Santo vi confermer\u00e0!\u201d<br>E noi, rinati, al veder le tue mani splendenti di luce,<br>mentre il tuo sguardo diceva: Rit.<\/p>\n\n\n\n<h1 class=\"wp-block-heading has-vivid-red-color has-text-color\" id=\"congedo\">Congedo<\/h1>\n\n\n\n<h3 class=\"wp-block-heading has-vivid-cyan-blue-color has-text-color has-link-color wp-elements-dd02c0e89b2df327bd86c28ae653b8db\"><strong>Non sono pi\u00f9 io che vivo<\/strong><\/h3>\n\n\n\n<p>Tu che abiti in cielo e in terra<\/p>\n\n\n\n<p>Vieni a dimorare in me<\/p>\n\n\n\n<p>Voglio sentire la tua presenza<\/p>\n\n\n\n<p>Nel mio cuore ti accoglier\u00f2<\/p>\n\n\n\n<p>.<\/p>\n\n\n\n<p>Tu che parli al vento e al mare<\/p>\n\n\n\n<p>Il creato ti ascolter\u00e0<\/p>\n\n\n\n<p>Fammi sentire la tua voce<\/p>\n\n\n\n<p>E per sempre ti obbedir\u00f2<\/p>\n\n\n\n<p>.<\/p>\n\n\n\n<p>Non sono pi\u00f9 io che vivo<\/p>\n\n\n\n<p>Ma \u00e8 Cristo che vive in me<\/p>\n\n\n\n<p>Soffio d&#8217;amore che d\u00e0 la vita<\/p>\n\n\n\n<p>Pace eterna mi doner\u00e0<\/p>\n\n\n\n<p>Non sono pi\u00f9 io che vivo<\/p>\n\n\n\n<p>Ma \u00e8 Cristo che vive in me<\/p>\n\n\n\n<p>Nella potenza del suo amore<\/p>\n\n\n\n<p>Gioia vera trover\u00f2<\/p>\n\n\n\n<p>.<\/p>\n\n\n\n<p>Tu che mandi la tua Parola<\/p>\n\n\n\n<p>Viva nel mio cuore sar\u00e0<\/p>\n\n\n\n<p>Fammi strumento nelle tue mani<\/p>\n\n\n\n<p>E per sempre ti canter\u00f2<\/p>\n\n\n\n<p>.<\/p>\n\n\n\n<p>Tu che scruti e conosci il cuore<\/p>\n\n\n\n<p>Tu che intendi tutto di me<\/p>\n\n\n\n<p>Dammi la forza, voglio seguirti<\/p>\n\n\n\n<p>La mia vita ti doner\u00f2<\/p>\n\n\n\n<p>.<\/p>\n\n\n\n<p>Non sono pi\u00f9 io che vivo<\/p>\n\n\n\n<p>Ma \u00e8 Cristo che vive in me<\/p>\n\n\n\n<p>Soffio d&#8217;amore che d\u00e0 la vita<\/p>\n\n\n\n<p>Pace eterna mi doner\u00e0<\/p>\n\n\n\n<p>Non sono pi\u00f9 io che vivo<\/p>\n\n\n\n<p>Ma \u00e8 Cristo che vive in me<\/p>\n\n\n\n<p>Nella potenza del suo amore<\/p>\n\n\n\n<p>Gioia vera trover\u00f2<\/p>\n\n\n\n<p>.<\/p>\n\n\n\n<p>Tu che reggi la notte e il giorno<\/p>\n\n\n\n<p>Manda il tuo Spirito in me<\/p>\n\n\n\n<p>Fammi vedere la tua luce<\/p>\n\n\n\n<p>E per sempre ti seguir\u00f2<\/p>\n\n\n\n<p>Tu che illumini il mio cammino<\/p>\n\n\n\n<p>Guida ogni mio passo Signor<\/p>\n\n\n\n<p>Restami accanto col tuo amore<\/p>\n\n\n\n<p>E per sempre ti cercher\u00f2<\/p>\n\n\n\n<p>.<\/p>\n\n\n\n<p>Non sono pi\u00f9 io che vivo<\/p>\n\n\n\n<p>Ma \u00e8 Cristo che vive in me<\/p>\n\n\n\n<p>Soffio d&#8217;amore che d\u00e0 la vita<\/p>\n\n\n\n<p>Pace eterna mi doner\u00e0<\/p>\n\n\n\n<p>Non sono pi\u00f9 io che vivo<\/p>\n\n\n\n<p>Ma \u00e8 Cristo che vive in me<\/p>\n\n\n\n<p>Nella potenza del suo amore<\/p>\n\n\n\n<p>Gioia vera trover\u00f2<\/p>\n\n\n\n<p>.<\/p>\n\n\n\n<p>Non sono pi\u00f9 io che vivo<\/p>\n\n\n\n<p>Ma \u00e8 Cristo che vive in me<\/p>\n\n\n\n<p>Nella potenza del suo amore<\/p>\n\n\n\n<p>Gioia vera trover\u00f2<\/p>\n","protected":false},"excerpt":{"rendered":"<p>Elenco generale di tutti i canti (formato word) Elenco generale di tutti i canti (formato pdf) Sabato 25\/4\/2026 ore 18.00 Ingresso Cristo \u00e8 risorto, alleluia ! Cristo \u00e8 risorto, alleluia ! Vinta \u00e8 ormai la morte, alleluia ! un inno di gioia al nostro redentor. ha ridato all\u2019uomo la vera libert\u00e0. luce di salvezza per [&hellip;]<\/p>\n","protected":false},"author":11,"featured_media":0,"parent":0,"menu_order":0,"comment_status":"closed","ping_status":"closed","template":"","meta":{"footnotes":""},"class_list":["post-2086","page","type-page","status-publish","hentry"],"_links":{"self":[{"href":"https:\/\/parrocchiaracconigimurello.org\/index.php?rest_route=\/wp\/v2\/pages\/2086","targetHints":{"allow":["GET"]}}],"collection":[{"href":"https:\/\/parrocchiaracconigimurello.org\/index.php?rest_route=\/wp\/v2\/pages"}],"about":[{"href":"https:\/\/parrocchiaracconigimurello.org\/index.php?rest_route=\/wp\/v2\/types\/page"}],"author":[{"embeddable":true,"href":"https:\/\/parrocchiaracconigimurello.org\/index.php?rest_route=\/wp\/v2\/users\/11"}],"replies":[{"embeddable":true,"href":"https:\/\/parrocchiaracconigimurello.org\/index.php?rest_route=%2Fwp%2Fv2%2Fcomments&post=2086"}],"version-history":[{"count":307,"href":"https:\/\/parrocchiaracconigimurello.org\/index.php?rest_route=\/wp\/v2\/pages\/2086\/revisions"}],"predecessor-version":[{"id":5101,"href":"https:\/\/parrocchiaracconigimurello.org\/index.php?rest_route=\/wp\/v2\/pages\/2086\/revisions\/5101"}],"wp:attachment":[{"href":"https:\/\/parrocchiaracconigimurello.org\/index.php?rest_route=%2Fwp%2Fv2%2Fmedia&parent=2086"}],"curies":[{"name":"wp","href":"https:\/\/api.w.org\/{rel}","templated":true}]}}