{"id":2742,"date":"2022-05-31T21:03:37","date_gmt":"2022-05-31T20:03:37","guid":{"rendered":"http:\/\/parrocchiaracconigimurello.org\/?page_id=2742"},"modified":"2025-10-11T00:15:28","modified_gmt":"2025-10-10T23:15:28","slug":"canti-matrimonio-18-06-2022","status":"publish","type":"page","link":"https:\/\/parrocchiaracconigimurello.org\/?page_id=2742","title":{"rendered":"Canti matrimonio"},"content":{"rendered":"\n<p><a href=\"https:\/\/docs.google.com\/document\/d\/1YE2ifDcGxyOC_a6IiViLs7pA9KMEUR6CpWcUA-qarXQ\/edit?usp=sharing\">Elenco generale di tutti i canti (formato word)<\/a><\/p>\n\n\n\n<p><a href=\"https:\/\/drive.google.com\/file\/d\/1fJxDS_Bt_wJbTSnW76kK6spVTzS0ea3w\/view?usp=sharing\">Elenco generale di tutti i canti (formato pdf)<\/a><\/p>\n\n\n\n<h1 class=\"wp-block-heading has-vivid-red-color has-text-color\" id=\"ingresso\">Ingresso<\/h1>\n\n\n\n<h3 class=\"wp-block-heading has-vivid-cyan-blue-color has-text-color has-link-color wp-elements-0e5b3958804fa6bf73161cb76c30f5bc\"><strong>Insieme \u00e8 pi\u00f9 bello<\/strong><\/h3>\n\n\n\n<p>Dietro i volti sconosciuti della gente che mi sfiora, quanta vita, quante attese di felicit\u00e0, quanti attimi vissuti, mondi da scoprire ancora, splendidi universi accanto a me&#8230;<\/p>\n\n\n\n<p><strong>\u00c8 pi\u00f9 bello insieme, \u00e8 un dono grande l&#8217;altra gente, \u00e8 pi\u00f9 bello insieme. (2v)<\/strong><\/p>\n\n\n\n<p>E raccolgo nel mio cuore la speranza ed il dolore, il silenzio, il pianto della gente attorno a me.<\/p>\n\n\n\n<p>In quel canto, in quel sorriso, \u00e8 il mio pianto, il mio sorriso: chi mi vive accanto \u00e8 un altro me.<\/p>\n\n\n\n<p><strong>\u00c8 pi\u00f9 bello insieme, \u00e8 un dono grande l&#8217;altra gente, \u00e8 pi\u00f9 bello insieme. (2v)<\/strong><\/p>\n\n\n\n<p>Fra le case e i grattacieli, fra le antenne, lass\u00f9 in alto, cos\u00ec trasparente il cielo non l&#8217;ho visto mai.<\/p>\n\n\n\n<p>E la luce getta veli di colore sull&#8217;asfalto ora che cantate assieme a me.<\/p>\n\n\n\n<h1 class=\"wp-block-heading has-vivid-red-color has-text-color\">Salmo<\/h1>\n\n\n\n<h3 class=\"wp-block-heading has-vivid-cyan-blue-color has-text-color has-link-color wp-elements-c26f7f6378f21a8de92d4f848122bb5a\"><strong>Dall&#8217;aurora al tramonto<\/strong><\/h3>\n\n\n\n<p><strong>Rit. Dall&#8217;aurora io cerco te fino al tramonto ti chiamo,<\/strong><\/p>\n\n\n\n<p><strong>ha sete solo di te l&#8217;anima mia come terra deserta.<\/strong><\/p>\n\n\n\n<p>1.Non mi fermero&#8217; un solo istante,<\/p>\n\n\n\n<p>sempre cantero&#8217; la tua lode perche&#8217; sei il mio Dio il mio riparo,<\/p>\n\n\n\n<p>mi proteggerai all&#8217;ombra delle tue ali.<\/p>\n\n\n\n<p><strong>Rit. Dall&#8217;aurora io cerco te fino al tramonto ti chiamo,<\/strong><\/p>\n\n\n\n<p><strong>ha sete solo di te l&#8217;anima mia come terra deserta.<\/strong><\/p>\n\n\n\n<p>2.Non mi fermero&#8217; un solo istante,<\/p>\n\n\n\n<p>io raccontero&#8217; le tue opere perche&#8217; sei il mio Dio, unico bene,<\/p>\n\n\n\n<p>nulla mai potra&#8217; la notte contro di me.<\/p>\n\n\n\n<p><strong>Rit. Dall&#8217;aurora io cerco te fino al tramonto ti chiamo,<\/strong><\/p>\n\n\n\n<p><strong>ha sete solo di te l&#8217;anima mia come terra deserta.<\/strong><\/p>\n\n\n\n<p><strong>Ha sete solo di te l&#8217;anima mia come terra deserta.<\/strong><\/p>\n\n\n\n<h1 class=\"wp-block-heading has-vivid-red-color has-text-color\" id=\"alleluia\"><strong>Alleluia <\/strong><\/h1>\n\n\n\n<h3 class=\"wp-block-heading has-vivid-cyan-blue-color has-text-color\"><strong>Alle, alle, alleluia<\/strong><\/h3>\n\n\n\n<p>Alle, alle, alleluia, alle alle alleluia,<\/p>\n\n\n\n<p>Alle, alle, alleluia, alle alle alleluia<\/p>\n\n\n\n<p>Tu sei parola di vita eterna, tu sei il Dio con noi<\/p>\n\n\n\n<p>Tu sei la forza Tu sei speranza Tu sei il Cristo tra noi<\/p>\n\n\n\n<h1 class=\"wp-block-heading has-vivid-red-color has-text-color has-link-color wp-elements-722fb8ddf0d949b7d94e10df78f9965b\"><strong>Dico si<\/strong><\/h1>\n\n\n\n<h3 class=\"wp-block-heading has-vivid-cyan-blue-color has-text-color has-link-color wp-elements-ffc162aaba5244e181d8f9a20fad5f7a\"><strong>Dico s\u00ec<\/strong><\/h3>\n\n\n\n<p>Dico s\u00ec all&#8217;amore e alla vita insieme<\/p>\n\n\n\n<p>Dico s\u00ec al futuro che verr\u00e0<\/p>\n\n\n\n<p>Dico s\u00ec a un amore che non ha confini<\/p>\n\n\n\n<p>Dico s\u00ec a una nuova realt\u00e0<\/p>\n\n\n\n<p>Dico s\u00ec al rispetto e alla comprensione<\/p>\n\n\n\n<p>Dico s\u00ec a un&#8217;eterna fedelt\u00e0<\/p>\n\n\n\n<p>Dico s\u00ec a un amore che sar\u00e0 fecondo<\/p>\n\n\n\n<p>Dico s\u00ec a quel figlio che verr\u00e0<\/p>\n\n\n\n<p>.<\/p>\n\n\n\n<p>E ci saranno giorni tristi e giorni di felicit\u00e0<\/p>\n\n\n\n<p>Sar\u00e0 importante stare insieme ed affrontare la realt\u00e0<\/p>\n\n\n\n<p>Fino alla fine della vita e poi nell&#8217;eternit\u00e0<\/p>\n\n\n\n<p>E da Dio il nostro amore sgorgher\u00e0<\/p>\n\n\n\n<p>Dico s\u00ec all&#8217;amore e alla vita insieme<\/p>\n\n\n\n<p>Dico s\u00ec a una nuova realt\u00e0<\/p>\n\n\n\n<p>Dico s\u00ec a un amore che sar\u00e0 fecondo<\/p>\n\n\n\n<p>Dico s\u00ec a quel figlio che verr\u00e0<\/p>\n\n\n\n<p>.<\/p>\n\n\n\n<p>E ci saranno giorni tristi e giorni di felicit\u00e0<\/p>\n\n\n\n<p>Sar\u00e0 importante stare insieme ed affrontare la realt\u00e0<\/p>\n\n\n\n<p>Fino alla fine della vita e poi nell&#8217;eternit\u00e0<\/p>\n\n\n\n<p>E da Dio il nostro amore sgorgher\u00e0<\/p>\n\n\n\n<p><\/p>\n\n\n\n<h1 class=\"wp-block-heading has-vivid-red-color has-text-color\">Offertorio<\/h1>\n\n\n\n<h3 class=\"wp-block-heading has-vivid-cyan-blue-color has-text-color has-link-color wp-elements-efbdcee5223f99e90f4dc7c60c438aae\"><strong>Come fuoco vivo<\/strong><\/h3>\n\n\n\n<p><strong>Come fuoco vivo si accende in noi un&#8217;immensa felicit\u00e0, che mai pi\u00f9 nessuno ci toglier\u00e0 perch\u00e9 Tu sei ritornato.<\/strong><\/p>\n\n\n\n<p><strong>Chi potr\u00e0 tacere, da ora in poi, che sei Tu in cammino con noi. Che la morte \u00e8 vinta per sempre, che ci hai ridonato la vita<\/strong><\/p>\n\n\n\n<p>1.Spezzi il pane davanti a noi mentre il sole \u00e8 al tramonto: ora gli occhi ti vedono, sei Tu! Resta con noi.<\/p>\n\n\n\n<p><strong>Come fuoco vivo si accende in noi un&#8217;immensa felicit\u00e0, che mai pi\u00f9 nessuno ci toglier\u00e0 perch\u00e9 Tu sei ritornato.<\/strong><\/p>\n\n\n\n<p><strong>Chi potr\u00e0 tacere, da ora in poi, che sei Tu in cammino con noi. Che la morte \u00e8 vinta per sempre, che ci hai ridonato la vita<\/strong><\/p>\n\n\n\n<p>2.E per sempre ti mostrerai In quel gesto d&#8217;amore: mani che ancora spezzano pane d&#8217;eternit\u00e0.<\/p>\n\n\n\n<p><strong>Come fuoco vivo si accende in noi un&#8217;immensa felicit\u00e0, che mai pi\u00f9 nessuno ci toglier\u00e0 perch\u00e9 Tu sei ritornato.<\/strong><\/p>\n\n\n\n<p><strong>Chi potr\u00e0 tacere, da ora in poi, che sei Tu in cammino con noi. Che la morte \u00e8 vinta per sempre, che ci hai ridonato la vita<\/strong><\/p>\n\n\n\n<p><\/p>\n\n\n\n<h1 class=\"wp-block-heading has-vivid-red-color has-text-color has-link-color wp-elements-d739adf4779547b13344705af088c671\"><strong>Santo<\/strong><\/h1>\n\n\n\n<h3 class=\"wp-block-heading has-vivid-cyan-blue-color has-text-color has-link-color wp-elements-d7ec5b6d0117d036004c14c366b26ecf\"><strong>Santo (Osanna \u00e8)<\/strong><\/h3>\n\n\n\n<p><strong>Osanna \u00e8, osanna \u00e8, osanna \u00e8 il Cristo Signor (2 volte)<\/strong><\/p>\n\n\n\n<p>Benedetto colui che viene nel nome del Signore (2 volte). Osanna &#8230;<\/p>\n\n\n\n<p>Santo oh oh oh oh oh santo, osanna (2 volte). Osanna \u2026..<\/p>\n\n\n\n<p>I cieli e la terra o Signore sono pieni di te (2 volte). Osanna \u2026..<\/p>\n\n\n\n<h1 class=\"wp-block-heading has-vivid-red-color has-text-color has-link-color wp-elements-3235bbc64c0d622aeff514b5e5d346db\">Agnello<\/h1>\n\n\n\n<h3 class=\"wp-block-heading has-vivid-cyan-blue-color has-text-color has-link-color wp-elements-095b32be20802eef71b1cc6aed1f6bf5\"><strong>Pace sia pace a voi<\/strong><\/h3>\n\n\n\n<p><strong>&#8220;Pace sia, pace a voi&#8221;: la tua pace sar\u00e0 sulla terra com&#8217;\u00e8 nei cieli.<\/strong><\/p>\n\n\n\n<p><strong>&#8220;Pace sia, pace a voi&#8221;: la tua pace sar\u00e0 gioia nei nostri occhi, nei cuori.<\/strong><\/p>\n\n\n\n<p><strong>&#8220;Pace sia, pace a voi&#8221;: la tua pace sar\u00e0 luce limpida nei pensieri.<\/strong><\/p>\n\n\n\n<p><strong>&#8220;Pace sia, pace a voi&#8221;: la tua pace sar\u00e0 una casa per tutti.<\/strong><\/p>\n\n\n\n<p>&#8220;Pace a voi&#8221;: sia il tuo dono visibile.<\/p>\n\n\n\n<p>&#8220;Pace a voi&#8221;: la tua eredit\u00e0.<\/p>\n\n\n\n<p>&#8220;Pace a voi&#8221;: come un canto all&#8217;unisono che sale dalle nostre citt\u00e0.<\/p>\n\n\n\n<p><strong>Rit.&nbsp;<\/strong><\/p>\n\n\n\n<p>&#8220;Pace a voi&#8221;: sia un&#8217;impronta nei secoli.<\/p>\n\n\n\n<p>&#8220;Pace a voi&#8221;: segno d&#8217;unit\u00e0.<\/p>\n\n\n\n<p>&#8220;Pace a voi&#8221;: sia l&#8217;abbraccio tra i popoli, la tua promessa all&#8217;umanit\u00e0.<\/p>\n\n\n\n<p><strong>Rit.<\/strong><\/p>\n\n\n\n<h1 class=\"wp-block-heading has-vivid-red-color has-text-color has-link-color wp-elements-89a086aea5588ba67f14b7bc8785b97b\">Comunione<\/h1>\n\n\n\n<h3 class=\"wp-block-heading has-vivid-cyan-blue-color has-text-color has-link-color wp-elements-4110322c0ffcc7d2b1fcaf53c19fea53\"><strong>Te al centro del mio cuore<\/strong><\/h3>\n\n\n\n<p>Ho bisogno di incontrarti nel mio cuore<\/p>\n\n\n\n<p>Di trovare Te di stare insieme a Te.<\/p>\n\n\n\n<p>Unico riferimento del mio andare,<\/p>\n\n\n\n<p>Unica ragione Tu, unico sostegno Tu.<\/p>\n\n\n\n<p>Al centro del mio cuore ci sei solo Tu.<\/p>\n\n\n\n<p>Anche il cielo gira intorno e non ha pace<\/p>\n\n\n\n<p>Ma c&#8217;\u00e8 un punto fermo \u00e8 quella stella l\u00e0.<\/p>\n\n\n\n<p>La stella polare \u00e8 fissa ed \u00e8 la sola<\/p>\n\n\n\n<p>La stella polare Tu, la stella sicura Tu.<\/p>\n\n\n\n<p>Al centro del mio cuore ci sei solo Tu.<\/p>\n\n\n\n<p><strong><em>Tutto ruota intorno a Te, in funzione di Te<\/em><\/strong><\/p>\n\n\n\n<p><strong><em>E poi non importa il &#8220;come&#8221; il &#8220;dove&#8221; il &#8220;se&#8221;.<\/em><\/strong><\/p>\n\n\n\n<p>Che Tu splenda sempre al centro del mio cuore<\/p>\n\n\n\n<p>Il significato allora sarai Tu<\/p>\n\n\n\n<p>Quello che far\u00f2 sar\u00e0 soltanto amore<\/p>\n\n\n\n<p>Unico sostegno Tu, la stella polare Tu<\/p>\n\n\n\n<p>Al centro del mio cuore ci sei solo Tu.<\/p>\n\n\n\n<h1 class=\"wp-block-heading has-vivid-red-color has-text-color\">Congedo<\/h1>\n\n\n\n<h3 class=\"wp-block-heading has-vivid-cyan-blue-color has-text-color has-link-color wp-elements-db3a46bcbab59d4d90e3049a4ae745df\"><strong>Resta qui con noi<\/strong><\/h3>\n\n\n\n<p>(Inno GMG 1985 &#8211; Roma)<\/p>\n\n\n\n<p>Le ombre si distendono, scende ormai la sera<\/p>\n\n\n\n<p>e s&#8217;allontanano dietro i monti i riflessi di<\/p>\n\n\n\n<p>un giorno che non finir\u00e0, di un giorno che<\/p>\n\n\n\n<p>ora correr\u00e0 sempre,<\/p>\n\n\n\n<p>perch\u00e9 sappiamo che una nuova vita<\/p>\n\n\n\n<p>da qui \u00e8 partita e mai pi\u00f9 si fermer\u00e0.<\/p>\n\n\n\n<p>Resta qui con noi, il sole scende gi\u00e0.<\/p>\n\n\n\n<p>Resta qui con noi, Signore, \u00e8 sera ormai.<\/p>\n\n\n\n<p>Resta qui con noi, il sole scende gi\u00e0<\/p>\n\n\n\n<p>Se tu sei con noi la notte non verr\u00e0.<\/p>\n\n\n\n<p>S&#8217;allarga verso il mare il tuo cerchio d&#8217;onda<\/p>\n\n\n\n<p>che il vento spinger\u00e0 fino a quando giunger\u00e0<\/p>\n\n\n\n<p>ai confini di ogni cuore,<\/p>\n\n\n\n<p>alle porte dell&#8217;amore vero,<\/p>\n\n\n\n<p>come fiamma che dove passa brucia,<\/p>\n\n\n\n<p>cos\u00ec il Tuo Amore tutto il mondo invader\u00e0.<\/p>\n\n\n\n<p>Resta qui con noi&#8230;<\/p>\n\n\n\n<p>Davanti a noi l&#8217;umanit\u00e0 lotta, soffre e spera<\/p>\n\n\n\n<p>come una terra che nell&#8217;arsura chiede acqua<\/p>\n\n\n\n<p>da un cielo senza nuvole, ma che sempre le<\/p>\n\n\n\n<p>pu\u00f2 dare vita.<\/p>\n\n\n\n<p>Con te saremo sorgente d&#8217;acqua pura,<\/p>\n\n\n\n<p>con te fra noi il deserto fiorir\u00e0.<\/p>\n\n\n\n<p>Resta qui con noi&#8230;<\/p>\n\n\n\n<p><\/p>\n\n\n\n<p><\/p>\n","protected":false},"excerpt":{"rendered":"<p>Elenco generale di tutti i canti (formato word) Elenco generale di tutti i canti (formato pdf) Ingresso Insieme \u00e8 pi\u00f9 bello Dietro i volti sconosciuti della gente che mi sfiora, quanta vita, quante attese di felicit\u00e0, quanti attimi vissuti, mondi da scoprire ancora, splendidi universi accanto a me&#8230; \u00c8 pi\u00f9 bello insieme, \u00e8 un dono [&hellip;]<\/p>\n","protected":false},"author":11,"featured_media":0,"parent":0,"menu_order":0,"comment_status":"closed","ping_status":"closed","template":"","meta":{"footnotes":""},"class_list":["post-2742","page","type-page","status-publish","hentry"],"_links":{"self":[{"href":"https:\/\/parrocchiaracconigimurello.org\/index.php?rest_route=\/wp\/v2\/pages\/2742","targetHints":{"allow":["GET"]}}],"collection":[{"href":"https:\/\/parrocchiaracconigimurello.org\/index.php?rest_route=\/wp\/v2\/pages"}],"about":[{"href":"https:\/\/parrocchiaracconigimurello.org\/index.php?rest_route=\/wp\/v2\/types\/page"}],"author":[{"embeddable":true,"href":"https:\/\/parrocchiaracconigimurello.org\/index.php?rest_route=\/wp\/v2\/users\/11"}],"replies":[{"embeddable":true,"href":"https:\/\/parrocchiaracconigimurello.org\/index.php?rest_route=%2Fwp%2Fv2%2Fcomments&post=2742"}],"version-history":[{"count":67,"href":"https:\/\/parrocchiaracconigimurello.org\/index.php?rest_route=\/wp\/v2\/pages\/2742\/revisions"}],"predecessor-version":[{"id":4907,"href":"https:\/\/parrocchiaracconigimurello.org\/index.php?rest_route=\/wp\/v2\/pages\/2742\/revisions\/4907"}],"wp:attachment":[{"href":"https:\/\/parrocchiaracconigimurello.org\/index.php?rest_route=%2Fwp%2Fv2%2Fmedia&parent=2742"}],"curies":[{"name":"wp","href":"https:\/\/api.w.org\/{rel}","templated":true}]}}