{"id":2780,"date":"2022-06-04T14:21:22","date_gmt":"2022-06-04T13:21:22","guid":{"rendered":"http:\/\/parrocchiaracconigimurello.org\/?page_id=2780"},"modified":"2025-06-28T18:18:57","modified_gmt":"2025-06-28T17:18:57","slug":"canti-prime-comunioni","status":"publish","type":"page","link":"https:\/\/parrocchiaracconigimurello.org\/?page_id=2780","title":{"rendered":"Canti prime comunioni"},"content":{"rendered":"\n<p><a href=\"https:\/\/docs.google.com\/document\/d\/1YE2ifDcGxyOC_a6IiViLs7pA9KMEUR6CpWcUA-qarXQ\/edit?usp=sharing\">Elenco generale di tutti i canti (formato word)<\/a><\/p>\n\n\n\n<p><a href=\"https:\/\/drive.google.com\/file\/d\/1fJxDS_Bt_wJbTSnW76kK6spVTzS0ea3w\/view?usp=sharing\">Elenco generale di tutti i canti (formato pdf)<\/a><\/p>\n\n\n\n<p><\/p>\n\n\n\n<p>Domenica 29\/06\/2025<\/p>\n\n\n\n<h1 class=\"wp-block-heading has-vivid-red-color has-text-color\" id=\"ingresso\">Ingresso<\/h1>\n\n\n\n<h3 class=\"wp-block-heading has-vivid-cyan-blue-color has-text-color\"><strong>Chiamati per nome<\/strong><\/h3>\n\n\n\n<p>Veniamo da te,<\/p>\n\n\n\n<p>chiamati per nome.<\/p>\n\n\n\n<p>Che festa, Signore, tu cammini con noi.<\/p>\n\n\n\n<p>Ci parli di te,<\/p>\n\n\n\n<p>per noi spezzi il pane,<\/p>\n\n\n\n<p>ti riconosciamo e il cuore arde: sei Tu!<\/p>\n\n\n\n<p>E noi tuo popolo<\/p>\n\n\n\n<p>siamo qui.<\/p>\n\n\n\n<p>.<\/p>\n\n\n\n<p>Siamo come terra ed argilla<\/p>\n\n\n\n<p>e la tua Parola ci plasmer\u00e0,<\/p>\n\n\n\n<p>brace pronta per la scintilla<\/p>\n\n\n\n<p>e il tuo Spirito soffier\u00e0,<\/p>\n\n\n\n<p>c\u2019infiammer\u00e0.<\/p>\n\n\n\n<p>Veniamo da te, chiamati per nome\u2026<\/p>\n\n\n\n<p>.<\/p>\n\n\n\n<p>Siamo come semi nel solco,<\/p>\n\n\n\n<p>come vigna che il suo frutto dar\u00e0,<\/p>\n\n\n\n<p>grano del Signore risorto,<\/p>\n\n\n\n<p>la tua messe che fiorir\u00e0<\/p>\n\n\n\n<p>d\u2019eternit\u00e0.<\/p>\n\n\n\n<p>Veniamo da te, chiamati per nome\u2026<\/p>\n\n\n\n<p>E noi tuo popolo<\/p>\n\n\n\n<p>siamo qui.<\/p>\n\n\n\n<p>Siamo qui.<\/p>\n\n\n\n<p><\/p>\n\n\n\n<h1 class=\"wp-block-heading has-vivid-red-color has-text-color\" id=\"salmo\">Gloria<\/h1>\n\n\n\n<h3 class=\"wp-block-heading has-vivid-cyan-blue-color has-text-color has-link-color wp-elements-93482b137cca047faa5d31045cc7f49e\"><strong>Gloria (Giombini)<\/strong><\/h3>\n\n\n\n<p>Gloria, gloria, a Dio nell\u2019alto dei cieli gloria<\/p>\n\n\n\n<p>E pace e pace in terra agli uomini di buona volont\u00e0.<\/p>\n\n\n\n<p>Noi ti lodiamo (noi ti lodiamo), Ti benediciamo (Ti benediciamo)<\/p>\n\n\n\n<p>Ti adoriamo (Ti adoriamo), Ti glorifichiamo (Ti glorifichiamo)<\/p>\n\n\n\n<p>Ti rendiamo grazie per la tua gloria immensa.<\/p>\n\n\n\n<p>.<\/p>\n\n\n\n<p>Signore Figlio unigenito Ges\u00f9 Cristo Signore Dio<\/p>\n\n\n\n<p>Agnello di Dio, figlio del Padre<\/p>\n\n\n\n<p>Tu che togli i peccati, i peccati del mondo<\/p>\n\n\n\n<p>Abbi piet\u00e0 di noi, abbi piet\u00e0 di noi<\/p>\n\n\n\n<p>.<\/p>\n\n\n\n<p>Tu che togli i peccati, i peccati del mondo<\/p>\n\n\n\n<p>Accogli, accogli, la nostra supplica<\/p>\n\n\n\n<p>.<\/p>\n\n\n\n<p>Tu che siedi alla destra, alla destra del Padre<\/p>\n\n\n\n<p>Abbi piet\u00e0 di noi, abbi piet\u00e0 di noi<\/p>\n\n\n\n<p>.<\/p>\n\n\n\n<p>Perch\u00e8 tu solo il santo (perch\u00e8 tu solo il santo)<\/p>\n\n\n\n<p>Tu solo il Signore (Tu solo il Signore)<\/p>\n\n\n\n<p>Tu solo l\u2019altissimo (Tu solo l\u2019altissimo)<\/p>\n\n\n\n<p>Ges\u00f9 Cristo (Ges\u00f9 Cristo)<\/p>\n\n\n\n<p>Con lo spirito santo nella gloria di Dio Padre Amen<\/p>\n\n\n\n<p>Con lo spirito santo nella gloria di Dio Padre Amen<\/p>\n\n\n\n<h1 class=\"wp-block-heading has-vivid-red-color has-text-color\">Salmo<\/h1>\n\n\n\n<h3 class=\"wp-block-heading has-vivid-cyan-blue-color has-text-color has-link-color wp-elements-27543990744542e4d13abf613e40e06b\"><strong>Non vi chiamer\u00f2 pi\u00f9 servi<\/strong><\/h3>\n\n\n\n<p><strong><s>Rit. Non vi chiamer\u00f2 pi\u00f9 servi: amici! Entrerete con me nella vita.\u00a0<\/s><\/strong><\/p>\n\n\n\n<p><strong>Rit. Il Signore mi ha liberato da ogni paura<\/strong><\/p>\n\n\n\n<ol class=\"wp-block-list\">\n<li>Benedir\u00f2 il Signore in ogni tempo, sempre avr\u00f2 sul labbro la sua lode.&nbsp;<\/li>\n<\/ol>\n\n\n\n<p>Nel Signore si sazia la mia anima: l\u2019umile ascolti e si rallegri.&nbsp;<\/p>\n\n\n\n<ol start=\"2\" class=\"wp-block-list\">\n<li>Magnificate con me il Signore, esaltiamo insieme il suo nome.&nbsp;<\/li>\n<\/ol>\n\n\n\n<p>Ho invocato il Signore: mi ha risposto, mi libera da tutte le angosce.&nbsp;<\/p>\n\n\n\n<ol start=\"3\" class=\"wp-block-list\">\n<li>Guardate a lui e sarete luminosi. Non sar\u00e0 confuso il vostro volto<\/li>\n<\/ol>\n\n\n\n<p>Viene l\u2019angelo di Dio e si accampa vicino a chi lo teme, e lo salva.<\/p>\n\n\n\n<ol start=\"4\" class=\"wp-block-list\">\n<li><s>Beato l\u2019uomo che in Dio si rifugia: egli ascolta il povero che grida.\u00a0<\/s><\/li>\n<\/ol>\n\n\n\n<p><s>Venite, figli, ascoltatemi: vi insegner\u00f2 l\u2019amore del Signore.<\/s><\/p>\n\n\n\n<ol start=\"5\" class=\"wp-block-list\">\n<li><s>Sar\u00e0 vicino il Signore a chi \u00e8 affranto, a chi cerca sempre la sua pace;<\/s><\/li>\n<\/ol>\n\n\n\n<p><s>Riscatta la vita dei suoi servi: chi in lui si rifugia sar\u00e0 salvo.<\/s><\/p>\n\n\n\n<p><\/p>\n\n\n\n<h1 class=\"wp-block-heading has-vivid-red-color has-text-color\" id=\"alleluia\"><strong>Alleluia <\/strong><\/h1>\n\n\n\n<h3 class=\"wp-block-heading has-vivid-cyan-blue-color has-text-color\"><strong>Alleluia, alleluia! alleluia, alleluia!<\/strong><\/h3>\n\n\n\n<ol class=\"wp-block-list\">\n<li>Cantate al Signore con gioia,<\/li>\n<\/ol>\n\n\n\n<p>grandi prodigi ha compiuto. Cantatelo in tutta la terra! <\/p>\n\n\n\n<p><strong><em>Rit.<\/em><\/strong><\/p>\n\n\n\n<h1 class=\"wp-block-heading has-vivid-red-color has-text-color\" id=\"offertorio\">Offertorio<\/h1>\n\n\n\n<h3 class=\"wp-block-heading has-vivid-cyan-blue-color has-text-color has-link-color wp-elements-8402d4df60ea9053ee20c68c9d7251c7\">Antica eterna danza<\/h3>\n\n\n\n<p>Spighe d\u2019oro al vento, antica, eterna danza<\/p>\n\n\n\n<p>per fare un solo pane spezzato sulla mensa.<\/p>\n\n\n\n<p>Grappoli dei colli, profumo di letizia<\/p>\n\n\n\n<p>per fare un solo vino bevanda della grazia.<\/p>\n\n\n\n<p>.<\/p>\n\n\n\n<p>Con il pane e il vino, Signore, ti doniamo<\/p>\n\n\n\n<p>le nostre gioie pure, le attese e le paure,<\/p>\n\n\n\n<p>frutti del lavoro e fede nel futuro,<\/p>\n\n\n\n<p>la voglia di cambiare e di ricominciare.<\/p>\n\n\n\n<p>.<\/p>\n\n\n\n<p>Dio della speranza, sorgente d\u2019ogni dono<\/p>\n\n\n\n<p>accogli questa offerta che insieme ti portiamo.<\/p>\n\n\n\n<p>Dio dell\u2019universo, raccogli chi \u00e8 disperso<\/p>\n\n\n\n<p>e facci tutti Chiesa, una cosa in te.<\/p>\n\n\n\n<h1 class=\"wp-block-heading has-vivid-red-color has-text-color\" id=\"santo\"><strong>Santo <\/strong><\/h1>\n\n\n\n<h3 class=\"wp-block-heading has-vivid-cyan-blue-color has-text-color\"><strong>Santo (Gen Rosso, album: come fuoco vivo)<\/strong><\/h3>\n\n\n\n<p><strong>Rit. Santo, Santo, Santo il Signore,<\/strong><\/p>\n\n\n\n<p><strong>Dio dell&#8217;universo.<\/strong><\/p>\n\n\n\n<p><strong>Santo, Santo.<\/strong><\/p>\n\n\n\n<p><strong>I cieli e la terra<\/strong><\/p>\n\n\n\n<p><strong>sono pieni della tua gloria.<\/strong><\/p>\n\n\n\n<p>Osanna nell&#8217;alto dei cieli.<\/p>\n\n\n\n<p>Osanna nell&#8217;alto dei cieli.<\/p>\n\n\n\n<p><strong>[Rit.]<\/strong><\/p>\n\n\n\n<p>Benedetto colui che viene<\/p>\n\n\n\n<p>nel nome del Signore.<\/p>\n\n\n\n<p>Osanna nell&#8217;alto dei cieli.<\/p>\n\n\n\n<p>Osanna nell&#8217;alto dei cieli.<\/p>\n\n\n\n<p>Santo, Santo, Santo.<\/p>\n\n\n\n<h1 class=\"wp-block-heading has-vivid-red-color has-text-color\" id=\"agnello\"><strong>Agnello<\/strong><\/h1>\n\n\n\n<h3 class=\"wp-block-heading has-vivid-cyan-blue-color has-text-color has-link-color wp-elements-9d4226c291b1397a2d6bf85b1e2f7fa3\">Agnello di Dio (Buttazzo)<\/h3>\n\n\n\n<p>Agnello, agnello di Dio che togli i peccati del mondo<\/p>\n\n\n\n<p>Abbi piet\u00e0 di noi, abbi piet\u00e0 di noi<\/p>\n\n\n\n<p>Agnello, agnello di Dio che togli i peccati del mondo<\/p>\n\n\n\n<p>Abbi piet\u00e0 di noi, abbi piet\u00e0 di noi<\/p>\n\n\n\n<p>Agnello, agnello di Dio che togli i peccati, che togli i peccati del mondo<\/p>\n\n\n\n<p>Dona a noi la pace, dona a noi la pace<\/p>\n\n\n\n<h1 class=\"wp-block-heading has-vivid-red-color has-text-color\" id=\"comunione\">Comunione<\/h1>\n\n\n\n<h3 class=\"wp-block-heading has-vivid-cyan-blue-color has-text-color has-link-color wp-elements-4bd41a77fe05f3a90d939d4596be1312\">Verbum Panis (Balduzzi)<\/h3>\n\n\n\n<p>Prima del tempo,<\/p>\n\n\n\n<p>prima ancora che la terra cominciasse a vivere<\/p>\n\n\n\n<p>il Verbo era presso Dio.<\/p>\n\n\n\n<p>Venne nel mondo<\/p>\n\n\n\n<p>e per non abbandonarci in questo viaggio ci lasci\u00f2,<\/p>\n\n\n\n<p>tutto se stesso come pane.<\/p>\n\n\n\n<p><strong>Verbum caro factum est verbum panis factum est.<\/strong><\/p>\n\n\n\n<p><strong>Verbum caro factum est verbum panis factum est.<\/strong><\/p>\n\n\n\n<p><strong>Qui spezzi ancora il pane in mezzo a noi<\/strong><\/p>\n\n\n\n<p><strong>e chiunque manger\u00e0 non avr\u00e0 pi\u00f9 fame.<\/strong><\/p>\n\n\n\n<p><strong>Qui vive la tua chiesa intorno a Te<\/strong><\/p>\n\n\n\n<p><strong>dove ognuno trover\u00e0, la sua vera casa.<\/strong><\/p>\n\n\n\n<p><strong>Verbum caro factum est verbum panis factum est.<\/strong><\/p>\n\n\n\n<p><strong>Verbum caro factum est verbum panis&#8230;<\/strong><\/p>\n\n\n\n<p>Prima del tempo,<\/p>\n\n\n\n<p>quando l\u2019universo fu creato dall\u2019oscurit\u00e0,<\/p>\n\n\n\n<p>il Verbo era presso Dio.<\/p>\n\n\n\n<p>Venne nel mondo,<\/p>\n\n\n\n<p>nella sua misericordia Dio ha mandato il figlio suo<\/p>\n\n\n\n<p>tutto se stesso come pane.<\/p>\n\n\n\n<p><strong>Verbum caro factum est verbum panis factum est.<\/strong><\/p>\n\n\n\n<p><strong>Verbum caro factum est verbum panis factum est.<\/strong><\/p>\n\n\n\n<p><strong>Qui spezzi ancora il pane in mezzo a noi<\/strong><\/p>\n\n\n\n<p><strong>e chiunque manger\u00e0 non avr\u00e0 pi\u00f9 fame.<\/strong><\/p>\n\n\n\n<p><strong>Qui vive la tua chiesa intorno a Te<\/strong><\/p>\n\n\n\n<p><strong>dove ognuno trover\u00e0, la sua vera casa.<\/strong><\/p>\n\n\n\n<p><strong>Qui spezzi ancora il pane in mezzo a noi<\/strong><\/p>\n\n\n\n<p><strong>e chiunque manger\u00e0 non avr\u00e0 pi\u00f9 fame.<\/strong><\/p>\n\n\n\n<p><strong>Qui vive la tua chiesa intorno a Te<\/strong><\/p>\n\n\n\n<p><strong>dove ognuno trover\u00e0, la sua vera casa.<\/strong><\/p>\n\n\n\n<p><strong>Verbum caro factum est<\/strong><\/p>\n\n\n\n<p><strong>verbum panis factum est.<\/strong><\/p>\n\n\n\n<p><strong>Verbum caro factum est verbum panis factum est<\/strong><\/p>\n\n\n\n<h1 class=\"wp-block-heading has-vivid-red-color has-text-color\" id=\"congedo\">Congedo<\/h1>\n\n\n\n<h3 class=\"wp-block-heading has-vivid-cyan-blue-color has-text-color has-link-color wp-elements-1f42b022cbd44bbbae7a72c75fa559c0\"><strong>Camminer\u00f2 (Alberto Marani)<\/strong><\/h3>\n\n\n\n<p><strong>Camminer\u00f2, camminer\u00f2<\/strong><br><strong>sulla tua strada, Signor.<\/strong><br><strong>Dammi la mano, voglio restar<\/strong><br><strong>per sempre insieme a te.<\/strong><\/p>\n\n\n\n<p>1.Quando ero solo, solo e stanco del mondo,<br>quando non c&#8217;era l&#8217;Amor,<br>tante persone vidi intorno a me,<br>sentivo cantare cos\u00ec:<\/p>\n\n\n\n<p>Camminer\u00f2&#8230;<\/p>\n\n\n\n<p>2.Io non capivo, ma rimasi a sentire<br>quando il Signor mi parl\u00f2:<br>Lui mi chiamava, chiamava anche me<br>ed io risposi cos\u00ec:<\/p>\n\n\n\n<p>Camminer\u00f2&#8230;<\/p>\n\n\n\n<p>3.Ora non m&#8217;importa se uno ride di me,<br>lui certamente non sa<br>del gran tesoro che trovai quel d\u00ec<br>che dissi al Signore cos\u00ec:<\/p>\n\n\n\n<p>Camminer\u00f2&#8230;<\/p>\n\n\n\n<p>4.A volte sono triste, ma mi guardo intorno,<br>scopro il mondo e l&#8217;amor;<br>son questi i doni che Lui fa a me;<br>felice ritorno a cantar:<\/p>\n\n\n\n<p>Camminer\u00f2&#8230;<\/p>\n","protected":false},"excerpt":{"rendered":"<p>Elenco generale di tutti i canti (formato word) Elenco generale di tutti i canti (formato pdf) Domenica 29\/06\/2025 Ingresso Chiamati per nome Veniamo da te, chiamati per nome. Che festa, Signore, tu cammini con noi. Ci parli di te, per noi spezzi il pane, ti riconosciamo e il cuore arde: sei Tu! E noi tuo [&hellip;]<\/p>\n","protected":false},"author":11,"featured_media":0,"parent":0,"menu_order":0,"comment_status":"closed","ping_status":"closed","template":"","meta":{"footnotes":""},"class_list":["post-2780","page","type-page","status-publish","hentry"],"_links":{"self":[{"href":"https:\/\/parrocchiaracconigimurello.org\/index.php?rest_route=\/wp\/v2\/pages\/2780","targetHints":{"allow":["GET"]}}],"collection":[{"href":"https:\/\/parrocchiaracconigimurello.org\/index.php?rest_route=\/wp\/v2\/pages"}],"about":[{"href":"https:\/\/parrocchiaracconigimurello.org\/index.php?rest_route=\/wp\/v2\/types\/page"}],"author":[{"embeddable":true,"href":"https:\/\/parrocchiaracconigimurello.org\/index.php?rest_route=\/wp\/v2\/users\/11"}],"replies":[{"embeddable":true,"href":"https:\/\/parrocchiaracconigimurello.org\/index.php?rest_route=%2Fwp%2Fv2%2Fcomments&post=2780"}],"version-history":[{"count":18,"href":"https:\/\/parrocchiaracconigimurello.org\/index.php?rest_route=\/wp\/v2\/pages\/2780\/revisions"}],"predecessor-version":[{"id":4520,"href":"https:\/\/parrocchiaracconigimurello.org\/index.php?rest_route=\/wp\/v2\/pages\/2780\/revisions\/4520"}],"wp:attachment":[{"href":"https:\/\/parrocchiaracconigimurello.org\/index.php?rest_route=%2Fwp%2Fv2%2Fmedia&parent=2780"}],"curies":[{"name":"wp","href":"https:\/\/api.w.org\/{rel}","templated":true}]}}