{"id":3075,"date":"2022-09-30T10:37:23","date_gmt":"2022-09-30T09:37:23","guid":{"rendered":"http:\/\/parrocchiaracconigimurello.org\/?page_id=3075"},"modified":"2023-10-15T15:23:02","modified_gmt":"2023-10-15T14:23:02","slug":"canti-funzione-festa-volontari","status":"publish","type":"page","link":"https:\/\/parrocchiaracconigimurello.org\/?page_id=3075","title":{"rendered":"Canti funzione festa volontari"},"content":{"rendered":"\n<p><a href=\"https:\/\/docs.google.com\/document\/d\/1YE2ifDcGxyOC_a6IiViLs7pA9KMEUR6CpWcUA-qarXQ\/edit?usp=sharing\">Elenco generale di tutti i canti (formato word)<\/a><\/p>\n\n\n\n<p><a href=\"https:\/\/drive.google.com\/file\/d\/1fJxDS_Bt_wJbTSnW76kK6spVTzS0ea3w\/view?usp=sharing\">Elenco generale di tutti i canti (formato pdf)<\/a><\/p>\n\n\n\n<p><\/p>\n\n\n\n<p>Sabato 15\/10\/2023<\/p>\n\n\n\n<h1 class=\"wp-block-heading has-vivid-red-color has-text-color\">Ingresso<\/h1>\n\n\n\n<h3 class=\"wp-block-heading has-vivid-cyan-blue-color has-text-color\">Insieme \u00e8 pi\u00f9 bello<\/h3>\n\n\n\n<p>Dietro i volti sconosciuti della gente che mi sfiora, quanta vita, quante attese di felicit\u00e0, quanti attimi vissuti, mondi da scoprire ancora, splendidi universi accanto a me&#8230;<\/p>\n\n\n\n<p><strong>\u00c8 pi\u00f9 bello insieme, \u00e8 un dono grande l&#8217;altra gente, \u00e8 pi\u00f9 bello insieme. (2v)<\/strong><\/p>\n\n\n\n<p>E raccolgo nel mio cuore la speranza ed il dolore, il silenzio, il pianto della gente attorno a me.<\/p>\n\n\n\n<p>In quel pianto, in quel sorriso, \u00e8 il mio pianto, il mio sorriso: chi mi vive accanto \u00e8 un altro me.<\/p>\n\n\n\n<p><strong>\u00c8 pi\u00f9 bello insieme, \u00e8 un dono grande l&#8217;altra gente, \u00e8 pi\u00f9 bello insieme. (2v)<\/strong><\/p>\n\n\n\n<p>Fra le case e i grattacieli, fra le antenne, lass\u00f9 in alto, cos\u00ec trasparente il cielo non l&#8217;ho visto mai.<\/p>\n\n\n\n<p>E la luce getta veli di colore sull&#8217;asfalto ora che cantate assieme a me.<\/p>\n\n\n\n<h1 class=\"wp-block-heading has-vivid-red-color has-text-color\">Gloria<\/h1>\n\n\n\n<h3 class=\"wp-block-heading has-vivid-cyan-blue-color has-text-color\">Gloria (Buttazzo)<\/h3>\n\n\n\n<p><strong><em>Gloria a Dio nell&#8217;alto dei cieli, pace in terra agli uomini<\/em><\/strong><\/p>\n\n\n\n<p><strong><em>Gloria a Dio nell&#8217;alto dei cieli, pace in terra agli uomini<\/em><\/strong><\/p>\n\n\n\n<p>Ti lodiamo, ti benediciamo<\/p>\n\n\n\n<p>Ti adoriamo, ti glorifichiamo<\/p>\n\n\n\n<p>Ti rendiamo grazie per la tua gloria immensa<\/p>\n\n\n\n<p><strong><em>Gloria a Dio nell&#8217;alto dei cieli, pace in terra agli uomini<\/em><\/strong><\/p>\n\n\n\n<p><strong><em>Gloria a Dio nell&#8217;alto dei cieli, pace in terra agli uomini<\/em><\/strong><\/p>\n\n\n\n<p>Signore Dio, Re del cielo, Dio padre onnipotente<\/p>\n\n\n\n<p>Ges\u00f9 Cristo, Agnello di Dio, tu, figlio del Padre<\/p>\n\n\n\n<p><strong><em>Gloria a Dio nell&#8217;alto dei cieli, pace in terra agli uomini<\/em><\/strong><\/p>\n\n\n\n<p><strong><em>Gloria a Dio nell&#8217;alto dei cieli, pace in terra agli uomini<\/em><\/strong><\/p>\n\n\n\n<p>Tu che togli i peccati del mondo<\/p>\n\n\n\n<p>La nostra supplica ascolta, Signore<\/p>\n\n\n\n<p>Tu che siedi alla destra del Padre, abbi piet\u00e0 di noi<\/p>\n\n\n\n<p><strong><em>Gloria a Dio nell&#8217;alto dei cieli, pace in terra agli uomini<\/em><\/strong><\/p>\n\n\n\n<p><strong><em>Gloria a Dio nell&#8217;alto dei cieli, pace in terra agli uomini<\/em><\/strong><\/p>\n\n\n\n<p>Tu solo il Santo, tu solo il Signore,<\/p>\n\n\n\n<p>tu l\u2019Altissimo, Ges\u00f9 Cristo, con lo Spirito Santo<\/p>\n\n\n\n<p>nella gloria del Padre.&nbsp;<\/p>\n\n\n\n<p>Amen.<\/p>\n\n\n\n<h1 class=\"wp-block-heading has-vivid-red-color has-text-color\">Salmo<\/h1>\n\n\n\n<h3 class=\"wp-block-heading has-vivid-cyan-blue-color has-text-color\">Solo tu sei il mio pastore (Perch\u00e8 tu sei con me)<\/h3>\n\n\n\n<p><strong>Rit: Solo tu sei il mio pastore, niente mai mi mancher\u00e0,<\/strong><\/p>\n\n\n\n<p><strong>solo tu sei il mio pastore, o Signore<\/strong><\/p>\n\n\n\n<p>1. Mi conduci dietro te, sulle verdi alture,<\/p>\n\n\n\n<p>ai ruscelli tranquilli, lass\u00f9<\/p>\n\n\n\n<p>dov\u2019\u00e8 pi\u00f9 limpida l\u2019acqua per me,<\/p>\n\n\n\n<p>dove mi fai riposare.<\/p>\n\n\n\n<p>Rit:<\/p>\n\n\n\n<p>2. Anche fra le tenebre d\u2019un abisso oscuro<\/p>\n\n\n\n<p>io non temo alcun male perch\u00e9<\/p>\n\n\n\n<p>tu mi sostieni, sei sempre con me,<\/p>\n\n\n\n<p>rendi il sentiero sicuro.<\/p>\n\n\n\n<p>Rit:<\/p>\n\n\n\n<p>3. Sempre mi accompagnano lungo estati e inverni<\/p>\n\n\n\n<p>la tua grazia, la tua fedelt\u00e0,<\/p>\n\n\n\n<p>nella tua casa io abiter\u00f2<\/p>\n\n\n\n<p>fino alla fine dei giorni.<\/p>\n\n\n\n<p>Rit:<\/p>\n\n\n\n<p>4. Siedo alla tua tavola che mi hai preparato,<\/p>\n\n\n\n<p>ed il calice \u00e8 colmo per me<\/p>\n\n\n\n<p>di quella linfa di felicit\u00e0<\/p>\n\n\n\n<p>che per amore hai versato.<\/p>\n\n\n\n<p>Rit:<\/p>\n\n\n\n<h1 class=\"wp-block-heading has-vivid-red-color has-text-color\"><strong>Alleluia <\/strong><\/h1>\n\n\n\n<h3 class=\"wp-block-heading has-vivid-cyan-blue-color has-text-color\">Alleluia &#8211; Guidaci Signore<\/h3>\n\n\n\n<p><strong>Rit. Alleluia, alleluia, alle, alle, alleluia! Alleluia, alleluia, alle, alle, alleluia!<\/strong><\/p>\n\n\n\n<ol class=\"wp-block-list\" start=\"2\">\n<li>Guidaci Signore nella Tua Parola, guidaci verso l\u2019eternit\u00e0!<\/li>\n<\/ol>\n\n\n\n<p>Resteremo insieme, un\u2019anima sola, una voce sar\u00e0<\/p>\n\n\n\n<h1 class=\"wp-block-heading has-vivid-red-color has-text-color\">Offertorio<\/h1>\n\n\n\n<h3 class=\"wp-block-heading has-vivid-cyan-blue-color has-text-color\">Servire \u00e8 regnare<\/h3>\n\n\n\n<p>Guardiamo a te che sei maestro e signore<\/p>\n\n\n\n<p>chinato a terra stai ci mostri che l&#8217;amore<\/p>\n\n\n\n<p>\u00e8 cingersi il grembiule sapersi inginocchiare<\/p>\n\n\n\n<p>ci insegni che amare \u00e8 servire.<\/p>\n\n\n\n<p><strong>Fa che impariamo signore da te<\/strong><\/p>\n\n\n\n<p><strong>che pi\u00f9 grande chi pi\u00f9 sa servire<\/strong><\/p>\n\n\n\n<p><strong>chi si abbassa \u00e8 chi si sa piegare<\/strong><\/p>\n\n\n\n<p><strong>perch\u00e9 grande \u00e8 soltanto l&#8217;amore.<\/strong><\/p>\n\n\n\n<p>\u00c8 ti vediamo poi maestro e signore<\/p>\n\n\n\n<p>che lavi i piedi a noi che siamo tue creature<\/p>\n\n\n\n<p>e cinto del grembiule che manto tuo regale<\/p>\n\n\n\n<p>ci insegni che servire \u00e8 regnare.<\/p>\n\n\n\n<p><strong>Fa che impariamo signore da te<\/strong><\/p>\n\n\n\n<p><strong>che pi\u00f9 grande chi pi\u00f9 sa servire<\/strong><\/p>\n\n\n\n<p><strong>chi si abbassa \u00e8 chi si sa piegare<\/strong><\/p>\n\n\n\n<p><strong>perch\u00e9 grande \u00e8 soltanto l&#8217;amore.<\/strong><\/p>\n\n\n\n<h1 class=\"wp-block-heading has-vivid-red-color has-text-color\"><strong>Santo <\/strong><\/h1>\n\n\n\n<h3 class=\"wp-block-heading has-vivid-cyan-blue-color has-text-color\">Santo (Gen Rosso, album: come fuoco vivo)<\/h3>\n\n\n\n<p><strong>Rit. Santo, Santo, Santo il Signore,<\/strong><\/p>\n\n\n\n<p><strong>Dio dell&#8217;universo.<\/strong><\/p>\n\n\n\n<p><strong>Santo, Santo.<\/strong><\/p>\n\n\n\n<p><strong>I cieli e la terra<\/strong><\/p>\n\n\n\n<p><strong>sono pieni della tua gloria.<\/strong><\/p>\n\n\n\n<p>Osanna nell&#8217;alto dei cieli.<\/p>\n\n\n\n<p>Osanna nell&#8217;alto dei cieli.<\/p>\n\n\n\n<p><strong>[Rit.]<\/strong><\/p>\n\n\n\n<p>Benedetto colui che viene<\/p>\n\n\n\n<p>nel nome del Signore.<\/p>\n\n\n\n<p>Osanna nell&#8217;alto dei cieli.<\/p>\n\n\n\n<p>Osanna nell&#8217;alto dei cieli.<\/p>\n\n\n\n<p>Santo, Santo, Santo.<\/p>\n\n\n\n<h1 class=\"wp-block-heading has-vivid-red-color has-text-color\"><strong>Agnello<\/strong><\/h1>\n\n\n\n<h3 class=\"wp-block-heading has-vivid-cyan-blue-color has-text-color\">Agnello di Dio (Buttazzo)<\/h3>\n\n\n\n<p>Agnello, agnello di Dio che togli i peccati del mondo<\/p>\n\n\n\n<p>Abbi piet\u00e0 di noi, abbi piet\u00e0 di noi<\/p>\n\n\n\n<p>Agnello, agnello di Dio che togli i peccati del mondo<\/p>\n\n\n\n<p>Abbi piet\u00e0 di noi, abbi piet\u00e0 di noi<\/p>\n\n\n\n<p>Agnello, agnello di Dio che togli i peccati, che togli i peccati del mondo<\/p>\n\n\n\n<p>Dona a noi la pace, dona a noi la pace<\/p>\n\n\n\n<h1 class=\"wp-block-heading has-vivid-red-color has-text-color\">Comunione<\/h1>\n\n\n\n<h3 class=\"wp-block-heading has-vivid-cyan-blue-color has-text-color\">Vi amo cos\u00ec<\/h3>\n\n\n\n<p>C&#8217;\u00e8 una novit\u00e0 nella nostra storia&nbsp;<\/p>\n\n\n\n<p>Dio che si fa uomo e porta il cielo sulla terra<\/p>\n\n\n\n<p>Con la nostra vita si rivela&nbsp;<\/p>\n\n\n\n<p>Nello Spirito che soffia Verit\u00e0.<\/p>\n\n\n\n<p>C&#8217;\u00e8 una novit\u00e0: che la morte \u00e8 vinta.&nbsp;<\/p>\n\n\n\n<p>E la gioia in cuore a tutto il mondo poi racconta,<\/p>\n\n\n\n<p>Annunciando ancora la Parola&nbsp;<\/p>\n\n\n\n<p>che ci aiuta a ritornare insieme qui:<\/p>\n\n\n\n<p>Vi amo cos\u00ec e vi amer\u00f2 come vi ho amati, con voi rester\u00f2&nbsp;<\/p>\n\n\n\n<p>e via da qui ognuno sar\u00e0 il testimone della Carit\u00e0&nbsp;<\/p>\n\n\n\n<p>il testimone di Me, Verit\u00e0.<\/p>\n\n\n\n<p>C&#8217;\u00e8 una novit\u00e0, Cristo \u00e8 la speranza,&nbsp;<\/p>\n\n\n\n<p>che da noi dilaga fino ai confini della terra<\/p>\n\n\n\n<p>figli della Chiesa, madre e amica&nbsp;<\/p>\n\n\n\n<p>che rivela la promessa ancora qui.<\/p>\n\n\n\n<p>Vi amo cos\u00ec e vi amer\u00f2 come vi ho amati, con voi rester\u00f2&nbsp;<\/p>\n\n\n\n<p>e via da qui ognuno sar\u00e0 il testimone della Carit\u00e0&nbsp;<\/p>\n\n\n\n<p>Senti nel vento il grido del mondo<\/p>\n\n\n\n<p>che si alza e arriva qui, fino a noi!<\/p>\n\n\n\n<p>Chiede da sempre, lo sai,d&#8217;esserci<\/p>\n\n\n\n<p>e via da qui ognuno sar\u00e0 il testimone della Carit\u00e0&nbsp;<\/p>\n\n\n\n<p>il testimone di Me, Verit\u00e0.<\/p>\n\n\n\n<p>Vi amo cos\u00ec e vi amer\u00f2 come vi ho amati, con voi rester\u00f2&nbsp;<\/p>\n\n\n\n<p>e via da qui ognuno sar\u00e0 il testimone della Carit\u00e0&nbsp;<\/p>\n\n\n\n<p>il testimone di Me, Verit\u00e0. (2v)<\/p>\n\n\n\n<h1 class=\"wp-block-heading has-vivid-red-color has-text-color\">Congedo<\/h1>\n\n\n\n<h3 class=\"wp-block-heading has-vivid-cyan-blue-color has-text-color\">Resta qui con noi<\/h3>\n\n\n\n<p>(Inno GMG 1985 &#8211; Roma)<\/p>\n\n\n\n<p>Le ombre si distendono, scende ormai la sera<\/p>\n\n\n\n<p>e s&#8217;allontanano dietro i monti i riflessi di<\/p>\n\n\n\n<p>un giorno che non finir\u00e0, di un giorno che<\/p>\n\n\n\n<p>ora correr\u00e0 sempre,<\/p>\n\n\n\n<p>perch\u00e9 sappiamo che una nuova vita<\/p>\n\n\n\n<p>da qui \u00e8 partita e mai pi\u00f9 si fermer\u00e0.<\/p>\n\n\n\n<p><strong>Resta qui con noi, il sole scende gi\u00e0.<\/strong><\/p>\n\n\n\n<p><strong>Resta qui con noi, Signore, \u00e8 sera ormai.<\/strong><\/p>\n\n\n\n<p><strong>Resta qui con noi, il sole scende gi\u00e0<\/strong><\/p>\n\n\n\n<p><strong>Se tu sei con noi la notte non verr\u00e0.<\/strong><\/p>\n\n\n\n<p>S&#8217;allarga verso il mare il tuo cerchio d&#8217;onda<\/p>\n\n\n\n<p>che il vento spinger\u00e0 fino a quando giunger\u00e0<\/p>\n\n\n\n<p>ai confini di ogni cuore,<\/p>\n\n\n\n<p>alle porte dell&#8217;amore vero,<\/p>\n\n\n\n<p>come fiamma che dove passa brucia,<\/p>\n\n\n\n<p>cos\u00ec il Tuo Amore tutto il mondo invader\u00e0.<\/p>\n\n\n\n<p><strong>Resta qui con noi&#8230;<\/strong><\/p>\n\n\n\n<p>Davanti a noi l&#8217;umanit\u00e0 lotta, soffre e spera<\/p>\n\n\n\n<p>come una terra che nell&#8217;arsura chiede acqua<\/p>\n\n\n\n<p>da un cielo senza nuvole, ma che sempre le<\/p>\n\n\n\n<p>pu\u00f2 dare vita.<\/p>\n\n\n\n<p>Con te saremo sorgente d&#8217;acqua pura,<\/p>\n\n\n\n<p>con te fra noi il deserto fiorir\u00e0.<\/p>\n\n\n\n<p><strong>Resta qui con noi&#8230;<\/strong><\/p>\n","protected":false},"excerpt":{"rendered":"<p>Elenco generale di tutti i canti (formato word) Elenco generale di tutti i canti (formato pdf) Sabato 15\/10\/2023 Ingresso Insieme \u00e8 pi\u00f9 bello Dietro i volti sconosciuti della gente che mi sfiora, quanta vita, quante attese di felicit\u00e0, quanti attimi vissuti, mondi da scoprire ancora, splendidi universi accanto a me&#8230; \u00c8 pi\u00f9 bello insieme, \u00e8 [&hellip;]<\/p>\n","protected":false},"author":11,"featured_media":0,"parent":0,"menu_order":0,"comment_status":"closed","ping_status":"closed","template":"","meta":{"footnotes":""},"class_list":["post-3075","page","type-page","status-publish","hentry"],"_links":{"self":[{"href":"https:\/\/parrocchiaracconigimurello.org\/index.php?rest_route=\/wp\/v2\/pages\/3075","targetHints":{"allow":["GET"]}}],"collection":[{"href":"https:\/\/parrocchiaracconigimurello.org\/index.php?rest_route=\/wp\/v2\/pages"}],"about":[{"href":"https:\/\/parrocchiaracconigimurello.org\/index.php?rest_route=\/wp\/v2\/types\/page"}],"author":[{"embeddable":true,"href":"https:\/\/parrocchiaracconigimurello.org\/index.php?rest_route=\/wp\/v2\/users\/11"}],"replies":[{"embeddable":true,"href":"https:\/\/parrocchiaracconigimurello.org\/index.php?rest_route=%2Fwp%2Fv2%2Fcomments&post=3075"}],"version-history":[{"count":6,"href":"https:\/\/parrocchiaracconigimurello.org\/index.php?rest_route=\/wp\/v2\/pages\/3075\/revisions"}],"predecessor-version":[{"id":3690,"href":"https:\/\/parrocchiaracconigimurello.org\/index.php?rest_route=\/wp\/v2\/pages\/3075\/revisions\/3690"}],"wp:attachment":[{"href":"https:\/\/parrocchiaracconigimurello.org\/index.php?rest_route=%2Fwp%2Fv2%2Fmedia&parent=3075"}],"curies":[{"name":"wp","href":"https:\/\/api.w.org\/{rel}","templated":true}]}}