{"id":3128,"date":"2022-11-02T13:14:23","date_gmt":"2022-11-02T12:14:23","guid":{"rendered":"http:\/\/parrocchiaracconigimurello.org\/?page_id=3128"},"modified":"2022-11-02T13:14:23","modified_gmt":"2022-11-02T12:14:23","slug":"canti-funzione-defunti","status":"publish","type":"page","link":"https:\/\/parrocchiaracconigimurello.org\/?page_id=3128","title":{"rendered":"Canti funzione defunti"},"content":{"rendered":"\n<p><a href=\"https:\/\/docs.google.com\/document\/d\/1YE2ifDcGxyOC_a6IiViLs7pA9KMEUR6CpWcUA-qarXQ\/edit?usp=sharing\">Elenco generale di tutti i canti (formato word)<\/a><\/p>\n\n\n\n<p><a href=\"https:\/\/drive.google.com\/file\/d\/1fJxDS_Bt_wJbTSnW76kK6spVTzS0ea3w\/view?usp=sharing\">Elenco generale di tutti i canti (formato pdf)<\/a><\/p>\n\n\n\n<p><\/p>\n\n\n\n<p>Mercoled\u00ec 2\/11\/2022<\/p>\n\n\n\n<h2 class=\"has-vivid-red-color has-text-color wp-block-heading\">Ingresso<\/h2>\n\n\n\n<h3 class=\"has-vivid-cyan-blue-color has-text-color wp-block-heading\">Quando busser\u00f2<\/h3>\n\n\n\n<p>1. Quando busser\u00f2 alla tua porta<\/p>\n\n\n\n<p>avr\u00f2 fatto tanta strada,<\/p>\n\n\n\n<p>avr\u00f2 piedi stanchi e nudi,<\/p>\n\n\n\n<p>avr\u00f2 mani bianche e pure. (2 v.)<\/p>\n\n\n\n<p>(2\u00aa volta)\u2026 o mio Signore!<\/p>\n\n\n\n<p>2. Quando busser\u00f2 alla tua porta<\/p>\n\n\n\n<p>avr\u00f2 frutti da portare,<\/p>\n\n\n\n<p>avr\u00f2 ceste di dolore,<\/p>\n\n\n\n<p>avr\u00f2 grappoli d\u2019amore. (2 v.)<\/p>\n\n\n\n<p>(2\u00aa volta)\u2026 o mio Signore!<\/p>\n\n\n\n<p>3. Quando busser\u00f2 alla tua porta<\/p>\n\n\n\n<p>avr\u00f2 amato tanta gente,<\/p>\n\n\n\n<p>avr\u00f2 amici da ritrovare,<\/p>\n\n\n\n<p>e nemici per cui pregare. (2 v.)<\/p>\n\n\n\n<p>(2\u00aa volta)\u2026 o mio Signore!<\/p>\n\n\n\n<h1 class=\"has-vivid-red-color has-text-color wp-block-heading\">Gloria<\/h1>\n\n\n\n<h1 class=\"has-vivid-red-color has-text-color wp-block-heading\">Salmo<\/h1>\n\n\n\n<p>sei la mia luce sei la mia salvezza sei la mia casa alleluia<\/p>\n\n\n\n<h1 class=\"has-vivid-red-color has-text-color wp-block-heading\">Alleluia<\/h1>\n\n\n\n<h3 class=\"has-vivid-cyan-blue-color has-text-color wp-block-heading\">Alleluia: canto per Cristo<\/h3>\n\n\n\n<p><strong>Alleluia, Alleluia, Alleluia, Alleluia, Alleluia, (2 volte)<\/strong><\/p>\n\n\n\n<p>Canto per Cristo che mi liberer\u00e0 quando verr\u00e0 nella gloria, quando la vita con lui rinascer\u00e0, alleluia, alleluia! Rit.<\/p>\n\n\n\n<p>Canto per Cristo: in lui rifiorir\u00e0 ogni speranza perduta, ogni creatura con lui rinascer\u00e0, alleluia, alleluia! Rit.<br>Canto per Cristo: un giorno torner\u00e0! Festa per tutti gli amici, festa di un mondo che pi\u00f9 non morir\u00e0, alleluia, alleluia! Rit<strong>.<\/strong><\/p>\n\n\n\n<h2 class=\"has-vivid-red-color has-text-color wp-block-heading\">OFFERTORIO<\/h2>\n\n\n\n<h3 class=\"has-vivid-cyan-blue-color has-text-color wp-block-heading\">Gratitudine<\/h3>\n\n\n\n<p>Perch\u00e9 Tu mi hai amato, come tu sai amar<\/p>\n\n\n\n<p>Perch\u00e9 ho perso lo sguardo nella tua immensit\u00e0<\/p>\n\n\n\n<p>Se Tu mi chiedessi chi sono non direi il nome mio, direi: &#8220;sono grazie per tutto e per sempre, grazie a Te, grazie a Te&#8221;<\/p>\n\n\n\n<p>Quando arriver\u00f2 da Te alla tua porta, io mi perder\u00f2 in Te, mi perder\u00f2 in Te.<\/p>\n\n\n\n<p>Quando Tu chiederai chi sono non dir\u00f2 il nome mio, dir\u00f2: &#8220;sono grazie per tutto e per sempre, grazie a Te, grazie a Te&#8221;<\/p>\n\n\n\n<h1 class=\"has-vivid-red-color has-text-color wp-block-heading\">Santo<\/h1>\n\n\n\n<h3 class=\"has-vivid-cyan-blue-color has-text-color wp-block-heading\"><strong>Santo (Gen Rosso, album: come fuoco vivo)<\/strong>&nbsp; <\/h3>\n\n\n\n<p><strong>Rit. Santo, Santo, Santo il Signore,<\/strong><\/p>\n\n\n\n<p><strong>Dio dell&#8217;universo.<\/strong><\/p>\n\n\n\n<p><strong>Santo, Santo.<\/strong><\/p>\n\n\n\n<p><strong>I cieli e la terra<\/strong><\/p>\n\n\n\n<p><strong>sono pieni della tua gloria.<\/strong><\/p>\n\n\n\n<p>Osanna nell&#8217;alto dei cieli.<\/p>\n\n\n\n<p>Osanna nell&#8217;alto dei cieli.<\/p>\n\n\n\n<p><strong>[Rit.]<\/strong><\/p>\n\n\n\n<p>Benedetto colui che viene<\/p>\n\n\n\n<p>nel nome del Signore.<\/p>\n\n\n\n<p>Osanna nell&#8217;alto dei cieli.<\/p>\n\n\n\n<p>Osanna nell&#8217;alto dei cieli.<\/p>\n\n\n\n<p>Santo, Santo, Santo.<\/p>\n\n\n\n<h2 class=\"has-vivid-red-color has-text-color wp-block-heading\">AGNELLO<\/h2>\n\n\n\n<h3 class=\"has-vivid-cyan-blue-color has-text-color wp-block-heading\"><strong>Agnello di Dio (Buttazzo)<\/strong> <\/h3>\n\n\n\n<p>Agnello, agnello di Dio che togli i peccati del mondo<\/p>\n\n\n\n<p>Abbi piet\u00e0 di noi, abbi piet\u00e0 di noi<\/p>\n\n\n\n<p>Agnello, agnello di Dio che togli i peccati del mondo<\/p>\n\n\n\n<p>Abbi piet\u00e0 di noi, abbi piet\u00e0 di noi<\/p>\n\n\n\n<p>Agnello, agnello di Dio che togli i peccati, che togli i peccati del mondo<\/p>\n\n\n\n<p>Dona a noi la pace, dona a noi la pace<\/p>\n\n\n\n<h2 class=\"has-vivid-red-color has-text-color wp-block-heading\">COMUNIONE<\/h2>\n\n\n\n<h3 class=\"has-vivid-cyan-blue-color has-text-color wp-block-heading\">Che rester\u00e0 di te<\/h3>\n\n\n\n<p>Che rester\u00e0 di te?<\/p>\n\n\n\n<p>Ci\u00f2 che tu hai donato invece di tenerlo racchiuso in un forziere.<\/p>\n\n\n\n<p>Che rester\u00e0 di te?<\/p>\n\n\n\n<p>Un fiore del tuo campo, profumo di una festa che non svanir\u00e0.<\/p>\n\n\n\n<p>.<\/p>\n\n\n\n<p>Ci\u00f2 che tu hai donato in altri fiorir\u00e0.<\/p>\n\n\n\n<p>Chi perde la sua vita, un giorno la riavr\u00e0.<\/p>\n\n\n\n<p>.<\/p>\n\n\n\n<p>Che rester\u00e0 di te?<\/p>\n\n\n\n<p>La voce del tuo canto donato a chi passava su strade di deserto.<\/p>\n\n\n\n<p>Che rester\u00e0 di te?<\/p>\n\n\n\n<p>Un vento nella sera e nella notte un grido che non tacer\u00e0.<\/p>\n\n\n\n<p>.<\/p>\n\n\n\n<p>La voce del tuo canto in altri suoner\u00e0.<\/p>\n\n\n\n<p>Chi perde la sua vita un giorno la riavr\u00e0.<\/p>\n\n\n\n<p>.<\/p>\n\n\n\n<p>Che rester\u00e0 di te?<\/p>\n\n\n\n<p>Il dono che hai offerto aprendo le tue braccia nel sole del mattino.<\/p>\n\n\n\n<p>Che rester\u00e0 di te?<\/p>\n\n\n\n<p>Le cose che hai atteso e un gesto di speranza che non finir\u00e0.<\/p>\n\n\n\n<p>.<\/p>\n\n\n\n<p>Il dono che hai offerto in altri rivivr\u00e0.<\/p>\n\n\n\n<p>Chi perde la sua vita un giorno la riavr\u00e0.<\/p>\n\n\n\n<p>.<\/p>\n\n\n\n<p>Che rester\u00e0 di te?<\/p>\n\n\n\n<p>Le lacrime, il tuo pianto e l&#8217;ombra di un sorriso sugli occhi del tuo cuore.<\/p>\n\n\n\n<p>Che rester\u00e0 di te?<\/p>\n\n\n\n<p>Ci\u00f2 che hai seminato, un pane condiviso e dato in povert\u00e0.<\/p>\n\n\n\n<p>.<\/p>\n\n\n\n<p>Ci\u00f2 che hai seminato in altri crescer\u00e0<\/p>\n\n\n\n<p>Chi perde la sua vita un giorno la riavr\u00e0.<\/p>\n\n\n\n<h2 class=\"has-vivid-red-color has-text-color wp-block-heading\">CONGEDO<\/h2>\n\n\n\n<h3 class=\"has-vivid-cyan-blue-color has-text-color wp-block-heading\">Salve Regina (Gen Verde)<\/h3>\n\n\n\n<p>Rit: Salve regina, madre di misericordia.<\/p>\n\n\n\n<p>Vita, dolcezza, speranza nostra, salve!<\/p>\n\n\n\n<p>Salve regina! (2v.)<\/p>\n\n\n\n<p>A te ricorriamo, esuli figli di Eva.<\/p>\n\n\n\n<p>A te sospiriamo, piangenti, in questa valle di lacrime.<\/p>\n\n\n\n<p>Avvocata nostra, volgi a noi gli occhi tuoi,<\/p>\n\n\n\n<p>mostraci dopo questo esilio il frutto del tuo seno, Ges\u00f9.<\/p>\n\n\n\n<p>Rit: Salve regina, madre di misericordia.<\/p>\n\n\n\n<p>o clemente, o pia, o dolce vergine maria.<\/p>\n\n\n\n<p>Salve Regina!<\/p>\n\n\n\n<p>Salve Regina, salve, salve!<\/p>\n","protected":false},"excerpt":{"rendered":"<p>Elenco generale di tutti i canti (formato word) Elenco generale di tutti i canti (formato pdf) Mercoled\u00ec 2\/11\/2022 Ingresso Quando busser\u00f2 1. Quando busser\u00f2 alla tua porta avr\u00f2 fatto tanta strada, avr\u00f2 piedi stanchi e nudi, avr\u00f2 mani bianche e pure. (2 v.) (2\u00aa volta)\u2026 o mio Signore! 2. Quando busser\u00f2 alla tua porta avr\u00f2 [&hellip;]<\/p>\n","protected":false},"author":11,"featured_media":0,"parent":0,"menu_order":0,"comment_status":"closed","ping_status":"closed","template":"","meta":{"footnotes":""},"class_list":["post-3128","page","type-page","status-publish","hentry"],"_links":{"self":[{"href":"https:\/\/parrocchiaracconigimurello.org\/index.php?rest_route=\/wp\/v2\/pages\/3128","targetHints":{"allow":["GET"]}}],"collection":[{"href":"https:\/\/parrocchiaracconigimurello.org\/index.php?rest_route=\/wp\/v2\/pages"}],"about":[{"href":"https:\/\/parrocchiaracconigimurello.org\/index.php?rest_route=\/wp\/v2\/types\/page"}],"author":[{"embeddable":true,"href":"https:\/\/parrocchiaracconigimurello.org\/index.php?rest_route=\/wp\/v2\/users\/11"}],"replies":[{"embeddable":true,"href":"https:\/\/parrocchiaracconigimurello.org\/index.php?rest_route=%2Fwp%2Fv2%2Fcomments&post=3128"}],"version-history":[{"count":1,"href":"https:\/\/parrocchiaracconigimurello.org\/index.php?rest_route=\/wp\/v2\/pages\/3128\/revisions"}],"predecessor-version":[{"id":3129,"href":"https:\/\/parrocchiaracconigimurello.org\/index.php?rest_route=\/wp\/v2\/pages\/3128\/revisions\/3129"}],"wp:attachment":[{"href":"https:\/\/parrocchiaracconigimurello.org\/index.php?rest_route=%2Fwp%2Fv2%2Fmedia&parent=3128"}],"curies":[{"name":"wp","href":"https:\/\/api.w.org\/{rel}","templated":true}]}}