{"id":3220,"date":"2023-01-31T22:55:50","date_gmt":"2023-01-31T21:55:50","guid":{"rendered":"http:\/\/parrocchiaracconigimurello.org\/?page_id=3220"},"modified":"2023-01-31T22:55:50","modified_gmt":"2023-01-31T21:55:50","slug":"canti-candelora-e-san-biagio","status":"publish","type":"page","link":"https:\/\/parrocchiaracconigimurello.org\/?page_id=3220","title":{"rendered":"Canti Candelora e San Biagio"},"content":{"rendered":"\n<p><a href=\"https:\/\/docs.google.com\/document\/d\/1YE2ifDcGxyOC_a6IiViLs7pA9KMEUR6CpWcUA-qarXQ\/edit?usp=sharing\">Elenco generale di tutti i canti (formato word)<\/a><\/p>\n\n\n\n<p><a href=\"https:\/\/drive.google.com\/file\/d\/1fJxDS_Bt_wJbTSnW76kK6spVTzS0ea3w\/view?usp=sharing\">Elenco generale di tutti i canti (formato pdf)<\/a><\/p>\n\n\n\n<p><\/p>\n\n\n\n<p>Gioved\u00ec 03\/02\/2023<\/p>\n\n\n\n<h1 class=\"has-vivid-red-color has-text-color wp-block-heading\">Ingresso<\/h1>\n\n\n\n<h3 class=\"has-vivid-cyan-blue-color has-text-color wp-block-heading\">Amatevi fratelli<\/h3>\n\n\n\n<p>Amatevi, fratelli,<\/p>\n\n\n\n<p>come io ho amato voi!<\/p>\n\n\n\n<p>Avrete la mia gioia,<\/p>\n\n\n\n<p>che nessuno vi toglier\u00e0.<\/p>\n\n\n\n<p><strong>Avremo la sua gioia,<\/strong><\/p>\n\n\n\n<p><strong>che nessuno ci toglier\u00e0.<\/strong><\/p>\n\n\n\n<p>Vivete insieme uniti,<\/p>\n\n\n\n<p>come il Padre \u00e8 unito a me!<\/p>\n\n\n\n<p>Avrete la mia vita,<\/p>\n\n\n\n<p>se l&#8217;Amore sar\u00e0 con voi!<\/p>\n\n\n\n<p><strong>Avremo la sua vita,<\/strong><\/p>\n\n\n\n<p><strong>se l&#8217;amore sar\u00e0 con noi!<\/strong><\/p>\n\n\n\n<p>Vi dico queste parole<\/p>\n\n\n\n<p>perch\u00e9 abbiate in voi la gioia!<\/p>\n\n\n\n<p>Sarete miei amici,<\/p>\n\n\n\n<p>se l&#8217;Amore sar\u00e0 con voi!<\/p>\n\n\n\n<p><strong>Saremo suoi amici,<\/strong><\/p>\n\n\n\n<p><strong>se l&#8217;amore sar\u00e0 con noi!<\/strong><\/p>\n\n\n\n<h1 class=\"has-vivid-red-color has-text-color wp-block-heading\">Gloria<\/h1>\n\n\n\n<h1 class=\"has-vivid-red-color has-text-color wp-block-heading\">Salmo<\/h1>\n\n\n\n<p class=\"has-black-color has-text-color\">Sei la mia luce sei la mia salvezza sei la mia casa alleluia<\/p>\n\n\n\n<h1 class=\"has-vivid-red-color has-text-color wp-block-heading\"><strong>Alleluia <\/strong><\/h1>\n\n\n\n<h3 class=\"has-vivid-cyan-blue-color has-text-color wp-block-heading\">Alleluia Passeranno i cieli<\/h3>\n\n\n\n<p>Alleluia, alleluia, alleluia, alleluia,<\/p>\n\n\n\n<p>alleluia, alleluia, alleluia!<\/p>\n\n\n\n<p>Passeranno i cieli e passer\u00e0 la terra,<\/p>\n\n\n\n<p>la sua Parola non passer\u00e0! Alleluia,<\/p>\n\n\n\n<p>alleluia!<\/p>\n\n\n\n<p>Alleluia, alleluia, alleluia, alleluia,<\/p>\n\n\n\n<p>alleluia, alleluia, alleluia!<\/p>\n\n\n\n<ol class=\"wp-block-list\">\n<li><\/li>\n<\/ol>\n\n\n\n<h1 class=\"has-vivid-red-color has-text-color wp-block-heading\">Offertorio<\/h1>\n\n\n\n<h3 class=\"has-vivid-cyan-blue-color has-text-color wp-block-heading\">Benedetto sei tu\u00a0<\/h3>\n\n\n\n<p>Benedetto sei tu, Dio dell&#8217;universo<\/p>\n\n\n\n<p>dalla tua bont\u00e0 abbiamo ricevuto questo pane<\/p>\n\n\n\n<p>frutto della terra e del nostro lavoro<\/p>\n\n\n\n<p>lo presentiamo a Te perch\u00e9 diventi per noi cibo di vita eterna<\/p>\n\n\n\n<p>Benedetto sei tu, Dio dell&#8217;universo<\/p>\n\n\n\n<p>dalla tua bont\u00e0 abbiamo ricevuto questo vino<\/p>\n\n\n\n<p>frutto della vite e del nostro lavoro<\/p>\n\n\n\n<p>lo presentiamo a Te perch\u00e9 diventi per noi bevanda di salvezza<\/p>\n\n\n\n<p>Benedetto sei tu Signor,<\/p>\n\n\n\n<p>Benedetto sei tu Signor<\/p>\n\n\n\n<h1 class=\"has-vivid-red-color has-text-color wp-block-heading\"><strong>Santo <\/strong><\/h1>\n\n\n\n<h1 class=\"has-vivid-red-color has-text-color wp-block-heading\"><strong>Agnello<\/strong><\/h1>\n\n\n\n<h1 class=\"has-vivid-red-color has-text-color wp-block-heading\">Comunione<\/h1>\n\n\n\n<h3 class=\"has-vivid-cyan-blue-color has-text-color wp-block-heading\">Tu sei la mia vita (Symbolum &#8217;77)\u00a0<\/h3>\n\n\n\n<p>Tu sei la mia vita, altro io non ho<\/p>\n\n\n\n<p>Tu sei la mia strada, la mia verit\u00e0<\/p>\n\n\n\n<p>Nella tua parola io camminer\u00f2<\/p>\n\n\n\n<p>Finch\u00e9 avr\u00f2 respiro, fino a quando tu vorrai<\/p>\n\n\n\n<p>Non avr\u00f2 paura, sai, se tu sei con me<\/p>\n\n\n\n<p>Io ti prego resta con me<\/p>\n\n\n\n<p>Credo in te Signore, nato da Maria<\/p>\n\n\n\n<p>Figlio eterno e Santo, uomo come noi<\/p>\n\n\n\n<p>Morto per amore, vivo in mezzo a noi<\/p>\n\n\n\n<p>Una cosa sola con il Padre e con i tuoi<\/p>\n\n\n\n<p>Fino a quando, io lo so, tu ritornerai<\/p>\n\n\n\n<p>Per aprirci il regno di Dio<\/p>\n\n\n\n<p>Tu sei la mia forza, altro io non ho<\/p>\n\n\n\n<p>Tu sei la mia pace, la mia libert\u00e0<\/p>\n\n\n\n<p>Niente nella vita ci separer\u00e0<\/p>\n\n\n\n<p>So che la tua mano forte non mi lascer\u00e0<\/p>\n\n\n\n<p>So che da ogni male tu mi libererai<\/p>\n\n\n\n<p>E nel tuo perdono vivr\u00f2<\/p>\n\n\n\n<p>Padre della vita, noi crediamo in te<\/p>\n\n\n\n<p>Figlio Salvatore, noi speriamo in te<\/p>\n\n\n\n<p>Spirito d&#8217;amore, vieni in mezzo a noi<\/p>\n\n\n\n<p>Tu da mille strade ci raduni in unit\u00e0<\/p>\n\n\n\n<p>E per mille strade, poi, dove tu vorrai<\/p>\n\n\n\n<p>Noi saremo il seme di Dio<\/p>\n\n\n\n<h1 class=\"has-vivid-red-color has-text-color wp-block-heading\">Congedo<\/h1>\n\n\n\n<h3 class=\"has-vivid-cyan-blue-color has-text-color wp-block-heading\">Ave Maria (Gen Verde)<\/h3>\n\n\n\n<p>Ave Maria, piena di grazia, il Signore \u00e8 con Te, il Signore \u00e8 con Te.<\/p>\n\n\n\n<p>Ave Maria, piena di grazia, il Signore \u00e8 con Te, il Signore \u00e8 con Te.<\/p>\n\n\n\n<p>Tu sei benedetta fra le donne e benedetto \u00e8 il frutto del tuo seno, Ges\u00f9.<\/p>\n\n\n\n<p>Santa Maria, Madre di Dio, Santa Maria, Madre di Dio,<\/p>\n\n\n\n<p>prega per noi peccatori ora e nella nostra morte. Amen.<\/p>\n\n\n\n<p>Santa Maria, Madre di Dio, prega per noi, prega per noi.<\/p>\n\n\n\n<p>Tu sei benedetta fra le donne e benedetto \u00e8 il frutto del tuo seno, Ges\u00f9.<\/p>\n\n\n\n<p>Santa Maria, Madre di Dio, prega per noi, prega per noi.<\/p>\n\n\n\n<hr class=\"wp-block-separator has-alpha-channel-opacity\"\/>\n\n\n\n<h3 class=\"has-vivid-cyan-blue-color has-text-color wp-block-heading\">Ave Maria (Verbum Panis)<\/h3>\n\n\n\n<p><strong>Ave Maria, Ave!<\/strong><\/p>\n\n\n\n<p><strong>Ave Maria, Ave!<\/strong><\/p>\n\n\n\n<p>Donna dell&#8217;attesa e madre di speranza, ora pro nobis.<\/p>\n\n\n\n<p>Donna del sorriso e madre del silenzio, ora pro nobis.<\/p>\n\n\n\n<p>Donna di frontiera e madre dell&#8217;ardore, ora pro nobis.<\/p>\n\n\n\n<p>Donna del riposo e madre del sentiero, ora pro nobis.<\/p>\n\n\n\n<p><strong>Ave Maria, Ave!<\/strong><\/p>\n\n\n\n<p><strong>Ave Maria, Ave!<\/strong><\/p>\n\n\n\n<p>Donna del deserto e madre del respiro, ora pro nobis.<\/p>\n\n\n\n<p>Donna della sera e madre del ricordo, ora pro nobis.<\/p>\n\n\n\n<p>Donna del presente e madre del ritorno, ora pro nobis.<\/p>\n\n\n\n<p>Donna della terra e madre dell&#8217;amore, ora pro nobis.<\/p>\n\n\n\n<p><strong>Ave Maria, Ave!<\/strong><\/p>\n\n\n\n<p><strong>Ave Maria, Ave!<\/strong><\/p>\n","protected":false},"excerpt":{"rendered":"<p>Elenco generale di tutti i canti (formato word) Elenco generale di tutti i canti (formato pdf) Gioved\u00ec 03\/02\/2023 Ingresso Amatevi fratelli Amatevi, fratelli, come io ho amato voi! Avrete la mia gioia, che nessuno vi toglier\u00e0. Avremo la sua gioia, che nessuno ci toglier\u00e0. Vivete insieme uniti, come il Padre \u00e8 unito a me! Avrete [&hellip;]<\/p>\n","protected":false},"author":11,"featured_media":0,"parent":0,"menu_order":0,"comment_status":"closed","ping_status":"closed","template":"","meta":{"footnotes":""},"class_list":["post-3220","page","type-page","status-publish","hentry"],"_links":{"self":[{"href":"https:\/\/parrocchiaracconigimurello.org\/index.php?rest_route=\/wp\/v2\/pages\/3220","targetHints":{"allow":["GET"]}}],"collection":[{"href":"https:\/\/parrocchiaracconigimurello.org\/index.php?rest_route=\/wp\/v2\/pages"}],"about":[{"href":"https:\/\/parrocchiaracconigimurello.org\/index.php?rest_route=\/wp\/v2\/types\/page"}],"author":[{"embeddable":true,"href":"https:\/\/parrocchiaracconigimurello.org\/index.php?rest_route=\/wp\/v2\/users\/11"}],"replies":[{"embeddable":true,"href":"https:\/\/parrocchiaracconigimurello.org\/index.php?rest_route=%2Fwp%2Fv2%2Fcomments&post=3220"}],"version-history":[{"count":1,"href":"https:\/\/parrocchiaracconigimurello.org\/index.php?rest_route=\/wp\/v2\/pages\/3220\/revisions"}],"predecessor-version":[{"id":3221,"href":"https:\/\/parrocchiaracconigimurello.org\/index.php?rest_route=\/wp\/v2\/pages\/3220\/revisions\/3221"}],"wp:attachment":[{"href":"https:\/\/parrocchiaracconigimurello.org\/index.php?rest_route=%2Fwp%2Fv2%2Fmedia&parent=3220"}],"curies":[{"name":"wp","href":"https:\/\/api.w.org\/{rel}","templated":true}]}}