{"id":3481,"date":"2023-06-07T20:45:28","date_gmt":"2023-06-07T19:45:28","guid":{"rendered":"http:\/\/parrocchiaracconigimurello.org\/?page_id=3481"},"modified":"2023-06-08T08:45:55","modified_gmt":"2023-06-08T07:45:55","slug":"canti-funzione-foresto","status":"publish","type":"page","link":"https:\/\/parrocchiaracconigimurello.org\/?page_id=3481","title":{"rendered":"Canti funzione di Foresto"},"content":{"rendered":"\n<p><a href=\"https:\/\/docs.google.com\/document\/d\/1YE2ifDcGxyOC_a6IiViLs7pA9KMEUR6CpWcUA-qarXQ\/edit?usp=sharing\">Elenco generale di tutti i canti (formato word)<\/a><\/p>\n\n\n\n<p><a href=\"https:\/\/drive.google.com\/file\/d\/1fJxDS_Bt_wJbTSnW76kK6spVTzS0ea3w\/view?usp=sharing\">Elenco generale di tutti i canti (formato pdf)<\/a><\/p>\n\n\n\n<p><\/p>\n\n\n\n<p>Domenica 11\/06\/2023<\/p>\n\n\n\n<h1 class=\"wp-block-heading has-vivid-red-color has-text-color\">Ingresso<\/h1>\n\n\n\n<h3 class=\"wp-block-heading has-vivid-cyan-blue-color has-text-color\">Chiamati per nome<\/h3>\n\n\n\n<p>Veniamo da te,<\/p>\n\n\n\n<p>chiamati per nome.<\/p>\n\n\n\n<p>Che festa, Signore, tu cammini con noi.<\/p>\n\n\n\n<p>Ci parli di te,<\/p>\n\n\n\n<p>per noi spezzi il pane,<\/p>\n\n\n\n<p>ti riconosciamo e il cuore arde: sei Tu!<\/p>\n\n\n\n<p>E noi tuo popolo<\/p>\n\n\n\n<p>siamo qui.<\/p>\n\n\n\n<p>.<\/p>\n\n\n\n<p>Siamo come terra ed argilla<\/p>\n\n\n\n<p>e la tua Parola ci plasmer\u00e0,<\/p>\n\n\n\n<p>brace pronta per la scintilla<\/p>\n\n\n\n<p>e il tuo Spirito soffier\u00e0,<\/p>\n\n\n\n<p>c\u2019infiammer\u00e0.<\/p>\n\n\n\n<p>Veniamo da te, chiamati per nome\u2026<\/p>\n\n\n\n<p>.<\/p>\n\n\n\n<p>Siamo come semi nel solco,<\/p>\n\n\n\n<p>come vigna che il suo frutto dar\u00e0,<\/p>\n\n\n\n<p>grano del Signore risorto,<\/p>\n\n\n\n<p>la tua messe che fiorir\u00e0<\/p>\n\n\n\n<p>d\u2019eternit\u00e0.<\/p>\n\n\n\n<p>Veniamo da te, chiamati per nome\u2026<\/p>\n\n\n\n<p>E noi tuo popolo<\/p>\n\n\n\n<p>siamo qui.<\/p>\n\n\n\n<p>Siamo qui.<\/p>\n\n\n\n<p class=\"has-text-align-center\"><\/p>\n\n\n\n<h1 class=\"wp-block-heading has-vivid-red-color has-text-color\">Gloria<\/h1>\n\n\n\n<h1 class=\"wp-block-heading has-vivid-red-color has-text-color\">Salmo<\/h1>\n\n\n\n<p>Loda il Signore, Gerusalemme<\/p>\n\n\n\n<p><\/p>\n\n\n\n<h1 class=\"wp-block-heading has-vivid-red-color has-text-color\"><strong>Alleluia<\/strong><\/h1>\n\n\n\n<h3 class=\"wp-block-heading has-vivid-cyan-blue-color has-text-color\">Alleluia Dio ha visitato il suo popolo<\/h3>\n\n\n\n<p><strong>Alleluia, alleluia! Alleluia, alleluia!<\/strong><\/p>\n\n\n\n<p><strong>Dio ha visitato il suo popolo,<\/strong><\/p>\n\n\n\n<p><strong>ha fatto meraviglie per noi, Alleluia!<\/strong><\/p>\n\n\n\n<p>Gli occhi dei ciechi vedono la luce,<\/p>\n\n\n\n<p>gli orecchi sordi odono la voce:<\/p>\n\n\n\n<p>Dio ha fatto meraviglie per noi,<\/p>\n\n\n\n<p>Dio ha fatto meraviglie per noi!<\/p>\n\n\n\n<p><strong>Rit<\/strong><\/p>\n\n\n\n<p>I cuori spenti vibrano d\u2019amore,<\/p>\n\n\n\n<p>i volti tristi splendono di gioia:<\/p>\n\n\n\n<p>Dio ha fatto meraviglie per noi,<\/p>\n\n\n\n<p>Dio ha fatto meraviglie per noi!<\/p>\n\n\n\n<p><strong>Rit.<\/strong><\/p>\n\n\n\n<p>Le bocche mute cantano in coro<\/p>\n\n\n\n<p>le mani stanche ritmano la lode:<\/p>\n\n\n\n<p>Dio ha fatto meraviglie per noi,<\/p>\n\n\n\n<p>Dio ha fatto meraviglie per noi!<\/p>\n\n\n\n<p><strong>Rit.<\/strong><\/p>\n\n\n\n<p>Il lieto annuncio ai poveri \u00e8 portato,<\/p>\n\n\n\n<p>la vera pace ai popoli \u00e8 donata:<\/p>\n\n\n\n<p>Dio ha fatto meraviglie per noi,<\/p>\n\n\n\n<p>Dio ha fatto meraviglie per noi!.<\/p>\n\n\n\n<p><strong>Rit.<\/strong><\/p>\n\n\n\n<p>I corpi infermi trovano salute,<\/p>\n\n\n\n<p>i piedi zoppi danzano a festa:<\/p>\n\n\n\n<p>Dio ha fatto meraviglie per noi,<\/p>\n\n\n\n<p>Dio ha fatto meraviglie per noi!.<\/p>\n\n\n\n<p><strong>Rit.<\/strong><\/p>\n\n\n\n<p>Oggi i bambini entrano nel regno,<\/p>\n\n\n\n<p>i peccatori tornano al Signore:<\/p>\n\n\n\n<p>Dio ha fatto meraviglie per noi,<\/p>\n\n\n\n<p>Dio ha fatto meraviglie per noi!<\/p>\n\n\n\n<h1 class=\"wp-block-heading has-vivid-red-color has-text-color\">Credo<\/h1>\n\n\n\n<h1 class=\"wp-block-heading has-vivid-red-color has-text-color\">Offertorio<\/h1>\n\n\n\n<h3 class=\"wp-block-heading has-vivid-cyan-blue-color has-text-color\">Benedetto sei tu&nbsp;<\/h3>\n\n\n\n<p>Benedetto sei tu, Dio dell&#8217;universo<\/p>\n\n\n\n<p>dalla tua bont\u00e0 abbiamo ricevuto questo pane<\/p>\n\n\n\n<p>frutto della terra e del nostro lavoro<\/p>\n\n\n\n<p>lo presentiamo a Te perch\u00e9 diventi per noi cibo di vita eterna<\/p>\n\n\n\n<p>.<\/p>\n\n\n\n<p>Benedetto sei tu, Dio dell&#8217;universo<\/p>\n\n\n\n<p>dalla tua bont\u00e0 abbiamo ricevuto questo vino<\/p>\n\n\n\n<p>frutto della vite e del nostro lavoro<\/p>\n\n\n\n<p>lo presentiamo a Te perch\u00e9 diventi per noi bevanda di salvezza<\/p>\n\n\n\n<p>.<\/p>\n\n\n\n<p>Benedetto sei tu Signor,<\/p>\n\n\n\n<p>Benedetto sei tu Signor<\/p>\n\n\n\n<h1 class=\"wp-block-heading has-vivid-red-color has-text-color\"><strong>Santo <\/strong><\/h1>\n\n\n\n<h3 class=\"wp-block-heading has-vivid-cyan-blue-color has-text-color\">Santo (Gen Rosso, album: come fuoco vivo)<\/h3>\n\n\n\n<p><strong>Rit. Santo, Santo, Santo il Signore,<\/strong><\/p>\n\n\n\n<p><strong>Dio dell&#8217;universo.<\/strong><\/p>\n\n\n\n<p><strong>Santo, Santo.<\/strong><\/p>\n\n\n\n<p><strong>I cieli e la terra<\/strong><\/p>\n\n\n\n<p><strong>sono pieni della tua gloria.<\/strong><\/p>\n\n\n\n<p>Osanna nell&#8217;alto dei cieli.<\/p>\n\n\n\n<p>Osanna nell&#8217;alto dei cieli.<\/p>\n\n\n\n<p><strong>[Rit.]<\/strong><\/p>\n\n\n\n<p>Benedetto colui che viene<\/p>\n\n\n\n<p>nel nome del Signore.<\/p>\n\n\n\n<p>Osanna nell&#8217;alto dei cieli.<\/p>\n\n\n\n<p>Osanna nell&#8217;alto dei cieli.<\/p>\n\n\n\n<p>Santo, Santo, Santo.<\/p>\n\n\n\n<h1 class=\"wp-block-heading has-vivid-red-color has-text-color\"><strong>Agnello<\/strong><\/h1>\n\n\n\n<h3 class=\"wp-block-heading has-vivid-cyan-blue-color has-text-color\">Agnello di Dio (Buttazzo)<\/h3>\n\n\n\n<p>Agnello, agnello di Dio che togli i peccati del mondo<\/p>\n\n\n\n<p>Abbi piet\u00e0 di noi, abbi piet\u00e0 di noi<\/p>\n\n\n\n<p>Agnello, agnello di Dio che togli i peccati del mondo<\/p>\n\n\n\n<p>Abbi piet\u00e0 di noi, abbi piet\u00e0 di noi<\/p>\n\n\n\n<p>Agnello, agnello di Dio che togli i peccati, che togli i peccati del mondo<\/p>\n\n\n\n<p>Dona a noi la pace, dona a noi la pace<\/p>\n\n\n\n<h1 class=\"wp-block-heading has-vivid-red-color has-text-color\">Comunione<\/h1>\n\n\n\n<h3 class=\"wp-block-heading has-vivid-cyan-blue-color has-text-color\">Pane del cielo&nbsp;<\/h3>\n\n\n\n<p>Pane del cielo, sei tu, Ges\u00f9, via d&#8217;amore Tu ci fai come te<\/p>\n\n\n\n<p>Pane del cielo, sei tu, Ges\u00f9, via d&#8217;amore Tu ci fai come te<\/p>\n\n\n\n<p>No, non \u00e8 rimasta fredda la terra, Tu sei rimasto con noi per nutrirci di te, pane di vita ed infiammare col tuo amore tutta l&#8217;umanit\u00e0<\/p>\n\n\n\n<p>Pane del cielo, sei tu, Ges\u00f9, via d&#8217;amore Tu ci fai come te<\/p>\n\n\n\n<p>S\u00ec, il cielo \u00e8 qui su questa terra, Tu sei rimasto con noi, ma ci porti con te nella tua casa dove vivremo insieme a te, tutta l&#8217;eternit\u00e0<\/p>\n\n\n\n<h1 class=\"wp-block-heading has-vivid-red-color has-text-color\">Congedo<\/h1>\n\n\n\n<h3 class=\"wp-block-heading has-vivid-cyan-blue-color has-text-color\">Ti ringrazio Mio Signore testo<\/h3>\n\n\n\n<p>1.Amatevi l\u2019un l\u2019altro come Lui ha amato noi:<\/p>\n\n\n\n<p>e siate per sempre suoi amici;<\/p>\n\n\n\n<p>e quello che farete al pi\u00f9 piccolo tra voi,<\/p>\n\n\n\n<p>credete l\u2019avete fatto a Lui.<\/p>\n\n\n\n<p><strong>Ti ringrazio mio signore<\/strong> <\/p>\n\n\n\n<p><strong>non ho pi\u00f9 paura, perch\u00e9,<\/strong><\/p>\n\n\n\n<p><strong>con la mia mano nella mano<\/strong><\/p>\n\n\n\n<p><strong>degli amici miei,<\/strong><\/p>\n\n\n\n<p><strong>cammino fra la gente della mia citt\u00e0<\/strong><\/p>\n\n\n\n<p><strong>e non mi sento pi\u00f9 solo;<\/strong><\/p>\n\n\n\n<p><strong>non sento la stanchezza e guardo dritto<\/strong><\/p>\n\n\n\n<p><strong>avanti a me,<\/strong><\/p>\n\n\n\n<p><strong>perch\u00e9 sulla mia strada ci sei Tu.<\/strong><\/p>\n\n\n\n<p>2.Se amate veramente perdonatevi tra voi:<\/p>\n\n\n\n<p>nel cuore di ognuno ci sia pace;<\/p>\n\n\n\n<p>il Padre che \u00e8 nei cieli vede tutti i figli suoi<\/p>\n\n\n\n<p>con gioia a voi perdoner\u00e0.<\/p>\n\n\n\n<p><strong>Ti ringrazio mio signore<\/strong><\/p>\n\n\n\n<p><strong>non ho pi\u00f9 paura, perch\u00e9,<\/strong><\/p>\n\n\n\n<p><strong>con la mia mano nella mano<\/strong><\/p>\n\n\n\n<p><strong>degli amici miei,<\/strong><\/p>\n\n\n\n<p><strong>cammino fra la gente della mia citt\u00e0<\/strong><\/p>\n\n\n\n<p><strong>e non mi sento pi\u00f9 solo;<\/strong><\/p>\n\n\n\n<p><strong>non sento la stanchezza e guardo dritto<\/strong><\/p>\n\n\n\n<p><strong>avanti a me,<\/strong><\/p>\n\n\n\n<p><strong>perch\u00e9 sulla mia strada ci sei Tu.<\/strong><\/p>\n\n\n\n<p>3.Sarete suoi amici se vi amate fra voi<\/p>\n\n\n\n<p>e questo \u00e8 tutto il suo Vangelo;<\/p>\n\n\n\n<p>l\u2019amore non ha prezzo, non misura ci\u00f2 che d\u00e0:<\/p>\n\n\n\n<p>l\u2019amore, confini non ne ha.<\/p>\n\n\n\n<p><strong>Ti ringrazio mio signore<\/strong><\/p>\n\n\n\n<p><strong>non ho pi\u00f9 paura, perch\u00e9,<\/strong><\/p>\n\n\n\n<p><strong>con la mia mano nella mano<\/strong><\/p>\n\n\n\n<p><strong>degli amici miei,<\/strong><\/p>\n\n\n\n<p><strong>cammino fra la gente della mia citt\u00e0<\/strong><\/p>\n\n\n\n<p><strong>e non mi sento pi\u00f9 solo;<\/strong><\/p>\n\n\n\n<p><strong>non sento la stanchezza e guardo dritto<\/strong><\/p>\n\n\n\n<p><strong>avanti a me,<\/strong><\/p>\n\n\n\n<p><strong>perch\u00e9 sulla mia strada ci sei Tu.<\/strong><\/p>\n\n\n\n<p><\/p>\n\n\n\n<p class=\"has-white-color has-vivid-green-cyan-background-color has-text-color has-background has-medium-font-size\"><strong>CANTI PROCESSIONE<\/strong><\/p>\n\n\n\n<h1 class=\"wp-block-heading has-vivid-cyan-blue-color has-text-color\">Il tuo popolo in cammino<\/h1>\n\n\n\n<p><strong>RIT. Il tuo popolo in cammino cerca in te la guida.<\/strong><\/p>\n\n\n\n<p><strong>Sulla strada verso il regno sei sostegno col tuo corpo resta sempre con noi, o Signore!<\/strong><\/p>\n\n\n\n<ol class=\"wp-block-list\">\n<li>\u00c8 il tuo pane, Ges\u00f9, che ci d\u00e0 forza e rende pi\u00f9 sicuro il nostro passo. Se il vigore nel cammino si svilisce,la tua mano dona lieta la speranza. Rit.<\/li>\n\n\n\n<li>\u00c8 il tuo vino, Ges\u00f9, che ci disseta e sveglia in noi l&#8217;ardore di seguirti. Se la gioia cede il passo alla stanchezza, la tua voce fa rinascere freschezza. Rit.<\/li>\n\n\n\n<li>\u00c8 il tuo corpo, Ges\u00f9, che ci fa Chiesa, fratelli sulle strade della vita. Se il rancore toglie luce all\u2019amicizia, dal tuo cuore nasce giovane il perdono.<\/li>\n\n\n\n<li>\u00c8 il tuo sangue, Ges\u00f9, il segno eterno dell\u2019unico linguaggio dell\u2019amore. Se il donarsi come te richiede fede, nel tuo Spirito sfidiamo l\u2019incertezza.<\/li>\n\n\n\n<li>\u00c8 il tuo dono, Ges\u00f9, la vera fonte del gesto coraggioso di chi annuncia. Se la Chiesa non \u00e8 aperta ad ogni uomo, il tuo fuoco le rivela la missione.<\/li>\n<\/ol>\n\n\n\n<p><\/p>\n\n\n\n<h1 class=\"wp-block-heading has-vivid-cyan-blue-color has-text-color\">Tu sei la mia vita (Symbolum &#8217;77)&nbsp;<\/h1>\n\n\n\n<p>Tu sei la mia vita, altro io non ho<\/p>\n\n\n\n<p>Tu sei la mia strada, la mia verit\u00e0<\/p>\n\n\n\n<p>Nella tua parola io camminer\u00f2<\/p>\n\n\n\n<p>Finch\u00e9 avr\u00f2 respiro, fino a quando tu vorrai<\/p>\n\n\n\n<p>Non avr\u00f2 paura, sai, se tu sei con me<\/p>\n\n\n\n<p>Io ti prego resta con me<\/p>\n\n\n\n<p>.<\/p>\n\n\n\n<p>Credo in te Signore, nato da Maria<\/p>\n\n\n\n<p>Figlio eterno e Santo, uomo come noi<\/p>\n\n\n\n<p>Morto per amore, vivo in mezzo a noi<\/p>\n\n\n\n<p>Una cosa sola con il Padre e con i tuoi<\/p>\n\n\n\n<p>Fino a quando, io lo so, tu ritornerai<\/p>\n\n\n\n<p>Per aprirci il regno di Dio<\/p>\n\n\n\n<p>.<\/p>\n\n\n\n<p>Tu sei la mia forza, altro io non ho<\/p>\n\n\n\n<p>Tu sei la mia pace, la mia libert\u00e0<\/p>\n\n\n\n<p>Niente nella vita ci separer\u00e0<\/p>\n\n\n\n<p>So che la tua mano forte non mi lascer\u00e0<\/p>\n\n\n\n<p>So che da ogni male tu mi libererai<\/p>\n\n\n\n<p>E nel tuo perdono vivr\u00f2<\/p>\n\n\n\n<p>.<\/p>\n\n\n\n<p>Padre della vita, noi crediamo in te<\/p>\n\n\n\n<p>Figlio Salvatore, noi speriamo in te<\/p>\n\n\n\n<p>Spirito d&#8217;amore, vieni in mezzo a noi<\/p>\n\n\n\n<p>Tu da mille strade ci raduni in unit\u00e0<\/p>\n\n\n\n<p>E per mille strade, poi, dove tu vorrai<\/p>\n\n\n\n<p>Noi saremo il seme di Dio<\/p>\n\n\n\n<p><\/p>\n\n\n\n<h1 class=\"wp-block-heading has-vivid-cyan-blue-color has-text-color\">Pane del cielo&nbsp;<\/h1>\n\n\n\n<p>Pane del cielo, sei tu, Ges\u00f9, via d&#8217;amore Tu ci fai come te<\/p>\n\n\n\n<p>Pane del cielo, sei tu, Ges\u00f9, via d&#8217;amore Tu ci fai come te<\/p>\n\n\n\n<p>No, non \u00e8 rimasta fredda la terra, Tu sei rimasto con noi per nutrirci di te, pane di vita ed infiammare col tuo amore tutta l&#8217;umanit\u00e0<\/p>\n\n\n\n<p>Pane del cielo, sei tu, Ges\u00f9, via d&#8217;amore Tu ci fai come te<\/p>\n\n\n\n<p>S\u00ec, il cielo \u00e8 qui su questa terra, Tu sei rimasto con noi, ma ci porti con te nella tua casa dove vivremo insieme a te, tutta l&#8217;eternit\u00e0<\/p>\n\n\n\n<p><\/p>\n\n\n\n<h1 class=\"wp-block-heading has-vivid-cyan-blue-color has-text-color\">Resta qui con noi<\/h1>\n\n\n\n<p>(Inno GMG 1985 &#8211; Roma)<\/p>\n\n\n\n<p>Le ombre si distendono, scende ormai la sera<\/p>\n\n\n\n<p>e s&#8217;allontanano dietro i monti i riflessi di<\/p>\n\n\n\n<p>un giorno che non finir\u00e0, di un giorno che<\/p>\n\n\n\n<p>ora correr\u00e0 sempre,<\/p>\n\n\n\n<p>perch\u00e9 sappiamo che una nuova vita<\/p>\n\n\n\n<p>da qui \u00e8 partita e mai pi\u00f9 si fermer\u00e0.<\/p>\n\n\n\n<p>.<\/p>\n\n\n\n<p><strong>Resta qui con noi, il sole scende gi\u00e0.<\/strong><\/p>\n\n\n\n<p><strong>Resta qui con noi, Signore, \u00e8 sera ormai.<\/strong><\/p>\n\n\n\n<p><strong>Resta qui con noi, il sole scende gi\u00e0<\/strong><\/p>\n\n\n\n<p><strong>Se tu sei con noi la notte non verr\u00e0.<\/strong><\/p>\n\n\n\n<p>.<\/p>\n\n\n\n<p>S&#8217;allarga verso il mare il tuo cerchio d&#8217;onda<\/p>\n\n\n\n<p>che il vento spinger\u00e0 fino a quando giunger\u00e0<\/p>\n\n\n\n<p>ai confini di ogni cuore,<\/p>\n\n\n\n<p>alle porte dell&#8217;amore vero,<\/p>\n\n\n\n<p>come fiamma che dove passa brucia,<\/p>\n\n\n\n<p>cos\u00ec il Tuo Amore tutto il mondo invader\u00e0.<\/p>\n\n\n\n<p><strong>Resta qui con noi&#8230;<\/strong><\/p>\n\n\n\n<p>Davanti a noi l&#8217;umanit\u00e0 lotta, soffre e spera<\/p>\n\n\n\n<p>come una terra che nell&#8217;arsura chiede acqua<\/p>\n\n\n\n<p>da un cielo senza nuvole, ma che sempre le<\/p>\n\n\n\n<p>pu\u00f2 dare vita.<\/p>\n\n\n\n<p>Con te saremo sorgente d&#8217;acqua pura,<\/p>\n\n\n\n<p>con te fra noi il deserto fiorir\u00e0.<\/p>\n\n\n\n<p><strong>Resta qui con noi&#8230;<\/strong><\/p>\n\n\n\n<p><\/p>\n\n\n\n<h1 class=\"wp-block-heading has-vivid-cyan-blue-color has-text-color\">Sei tu, Signore, il pane<\/h1>\n\n\n\n<p>Sei tu, Signore, il pane, tu cibo sei per noi.<\/p>\n\n\n\n<p>Risorto a vita nuova, sei vivo in mezzo a noi.<\/p>\n\n\n\n<p>.<\/p>\n\n\n\n<p>Nell&#8217;ultima sua Cena Ges\u00f9 si dona ai suoi:<\/p>\n\n\n\n<p>\u00abPrendete pane e vino, la vita mia per voi\u00bb.<\/p>\n\n\n\n<p>.<\/p>\n\n\n\n<p>\u00abMangiate questo pane: chi crede in me vivr\u00e0.<\/p>\n\n\n\n<p>Chi beve il vino nuovo con me risorger\u00e0\u00bb.<\/p>\n\n\n\n<p>.<\/p>\n\n\n\n<p>\u00c8 Cristo il pane vero diviso qui tra noi:<\/p>\n\n\n\n<p>formiamo un solo corpo, la Chiesa di Ges\u00f9.<\/p>\n\n\n\n<p>.<\/p>\n\n\n\n<p>Se porti la sua Croce, in lui tu regnerai.<\/p>\n\n\n\n<p>Se muori unito a Cristo, con lui rinascerai.<\/p>\n\n\n\n<p>.<\/p>\n\n\n\n<p>Verranno i cieli nuovi, la terra fiorir\u00e0.<\/p>\n\n\n\n<p>Vivremo da fratelli, e Dio sar\u00e0 con noi.<\/p>\n\n\n\n<h1 class=\"wp-block-heading has-vivid-cyan-blue-color has-text-color\">Adoriamo il Sacramento<\/h1>\n\n\n\n<p>1. Adoriamo il Sacramento che Dio Padre ci don\u00f2.<\/p>\n\n\n\n<p>Nuovo patto, nuovo rito nella fede si comp\u00ec.<\/p>\n\n\n\n<p>Al mistero \u00e8 fondamento la parola di Ges\u00f9.<\/p>\n\n\n\n<p>.<\/p>\n\n\n\n<p>2. Gloria al Padre onnipotente, gloria al Figlio Redentor,<\/p>\n\n\n\n<p>lode grande, sommo onore all\u2019eterna Carit\u00e0.<\/p>\n\n\n\n<p>Gloria immensa, eterno amore alla santa Trinit\u00e0. Amen.<\/p>\n","protected":false},"excerpt":{"rendered":"<p>Elenco generale di tutti i canti (formato word) Elenco generale di tutti i canti (formato pdf) Domenica 11\/06\/2023 Ingresso Chiamati per nome Veniamo da te, chiamati per nome. Che festa, Signore, tu cammini con noi. Ci parli di te, per noi spezzi il pane, ti riconosciamo e il cuore arde: sei Tu! E noi tuo [&hellip;]<\/p>\n","protected":false},"author":11,"featured_media":0,"parent":0,"menu_order":0,"comment_status":"closed","ping_status":"closed","template":"","meta":{"footnotes":""},"class_list":["post-3481","page","type-page","status-publish","hentry"],"_links":{"self":[{"href":"https:\/\/parrocchiaracconigimurello.org\/index.php?rest_route=\/wp\/v2\/pages\/3481","targetHints":{"allow":["GET"]}}],"collection":[{"href":"https:\/\/parrocchiaracconigimurello.org\/index.php?rest_route=\/wp\/v2\/pages"}],"about":[{"href":"https:\/\/parrocchiaracconigimurello.org\/index.php?rest_route=\/wp\/v2\/types\/page"}],"author":[{"embeddable":true,"href":"https:\/\/parrocchiaracconigimurello.org\/index.php?rest_route=\/wp\/v2\/users\/11"}],"replies":[{"embeddable":true,"href":"https:\/\/parrocchiaracconigimurello.org\/index.php?rest_route=%2Fwp%2Fv2%2Fcomments&post=3481"}],"version-history":[{"count":3,"href":"https:\/\/parrocchiaracconigimurello.org\/index.php?rest_route=\/wp\/v2\/pages\/3481\/revisions"}],"predecessor-version":[{"id":3489,"href":"https:\/\/parrocchiaracconigimurello.org\/index.php?rest_route=\/wp\/v2\/pages\/3481\/revisions\/3489"}],"wp:attachment":[{"href":"https:\/\/parrocchiaracconigimurello.org\/index.php?rest_route=%2Fwp%2Fv2%2Fmedia&parent=3481"}],"curies":[{"name":"wp","href":"https:\/\/api.w.org\/{rel}","templated":true}]}}